{"id":115,"date":"2016-12-19T13:56:19","date_gmt":"2016-12-19T12:56:19","guid":{"rendered":"http:\/\/roulonsavelo.fr\/?page_id=115"},"modified":"2026-03-04T15:29:05","modified_gmt":"2026-03-04T14:29:05","slug":"nos-ateliers","status":"publish","type":"page","link":"https:\/\/roulonsavelo.fr\/index.php\/nos-ateliers\/","title":{"rendered":"2.0 Atelier"},"content":{"rendered":"<div id='full_slider_1'  class='avia-fullwidth-slider main_color avia-shadow   avia-builder-el-0  el_before_av_section  avia-builder-el-first   container_wrap fullsize'  ><div  class='avia-slideshow av-32hwkb-a05ec85d148b8a7963d36ec5ceb0a043 avia-slideshow-entry_without_sidebar av_slideshow_full avia-slide-slider av-slideshow-ui av-control-default av-slideshow-manual av-loop-once av-loop-manual-endless av-default-height-applied   avia-slideshow-1' data-slideshow-options=\"{&quot;animation&quot;:&quot;slide&quot;,&quot;autoplay&quot;:false,&quot;loop_autoplay&quot;:&quot;once&quot;,&quot;interval&quot;:5,&quot;loop_manual&quot;:&quot;manual-endless&quot;,&quot;autoplay_stopper&quot;:false,&quot;noNavigation&quot;:false,&quot;bg_slider&quot;:false,&quot;keep_padding&quot;:false,&quot;hoverpause&quot;:false,&quot;show_slide_delay&quot;:0}\"  itemprop=\"image\" itemscope=\"itemscope\" itemtype=\"https:\/\/schema.org\/ImageObject\" ><ul class='avia-slideshow-inner ' style='padding-bottom: 44.0625%;'><li  class='avia-slideshow-slide av-32hwkb-a05ec85d148b8a7963d36ec5ceb0a043__0  av-single-slide slide-1 slide-odd'><div data-rel='slideshow-1' class='avia-slide-wrap '   ><img decoding=\"async\" class=\"wp-image-1066 avia-img-lazy-loading-not-1066\"  src=\"https:\/\/roulonsavelo.fr\/wp-content\/uploads\/2019\/11\/73372333_3165648843508136_5393084691492372480_o-960x423.jpg\" width=\"960\" height=\"423\" title='73372333_3165648843508136_5393084691492372480_o' alt=''  itemprop=\"thumbnailUrl\"   \/><\/div><\/li><\/ul><\/div><\/div>\n<div id='av_section_1'  class='avia-section av-2pcoar-894364367ae333444ce1a5d4760db231 main_color avia-section-default avia-no-shadow  avia-builder-el-1  el_after_av_slideshow_full  el_before_av_section  avia-bg-style-scroll container_wrap fullsize'  ><div class='container av-section-cont-open' ><div class='template-page content  av-content-full alpha units'><div class='post-entry post-entry-type-page post-entry-115'><div class='entry-content-wrapper clearfix'>\n\n<style type=\"text\/css\" data-created_by=\"avia_inline_auto\" id=\"style-css-av-2i2z03-80d23320f3829931bf3b6a128fa1188f\">\n.flex_column.av-2i2z03-80d23320f3829931bf3b6a128fa1188f{\n-webkit-border-radius:0px 0px 0px 0px;\n-moz-border-radius:0px 0px 0px 0px;\nborder-radius:0px 0px 0px 0px;\npadding:0px 0px 0px 0px;\n}\n<\/style>\n<div class='flex_column av-2i2z03-80d23320f3829931bf3b6a128fa1188f av_one_full  avia-builder-el-2  avia-builder-el-no-sibling  first flex_column_div av-zero-column-padding '     ><article  class='iconbox iconbox_top av-2ccw0r-ed2847ecaf120f4a881331c182d611b9  avia-builder-el-3  avia-builder-el-no-sibling  main_color'  itemscope=\"itemscope\" itemtype=\"https:\/\/schema.org\/CreativeWork\" ><div class=\"iconbox_content\"><header class=\"entry-content-header\"><div class=\"iconbox_icon heading-color\" aria-hidden='true' data-av_icon='\ue856' data-av_iconfont='entypo-fontello'><\/div><h3 class='iconbox_content_title '  itemprop=\"headline\" >Atelier Participatif et solidaire<\/h3><\/header><div class='iconbox_content_container '  itemprop=\"text\" ><p><span style=\"font-weight: 400;\">L&rsquo;atelier participatif et solidaire permet d&rsquo;<a href=\"https:\/\/roulonsavelo.fr\/?page_id=1395&amp;preview=true\">apprendre \u00e0 r\u00e9parer et \u00e0 entretenir soi-m\u00eame son v\u00e9lo<\/a>.\u00a0<\/span><\/p>\n<p>Pour cela il faut prendre une adh\u00e9sion annuelle de 20\u20ac (10\u20ac pour \u00e9tudiants et ch\u00f4meurs \/ 30\u20ac pour les familles) le jour de votre rendez-vous \u00e0 l&rsquo;atelier, ou bien avant votre passage, <a href=\"https:\/\/roulonsavelo.fr\/index.php\/4-1-adherer-a-roulons-a-velo\/\">ici<\/a>.<\/p>\n<p><span style=\"font-weight: 400;\">Vous trouverez sur place les outils, les pi\u00e8ces d\u00e9tach\u00e9es et les conseils dont vous aurez besoin.\u00a0<\/span><\/p>\n<p>Roulons \u00e0 V\u00e9lo peut vous accueillir \u00e0 Avignon et \u00e0 Ved\u00e8ne, voir ci-dessous.<\/p>\n<p>NB : Si vous ne voulez pas mettre les mains dans le cambouis vous pouvez aussi confier votre v\u00e9lo \u00e0 <a href=\"https:\/\/roulonsavelo.fr\/index.php\/x-1-professionnels-sur-avignon\/\">un professionnel<\/a>!<\/p>\n<\/div><\/div><footer class=\"entry-footer\"><\/footer><\/article><\/div>\n\n<\/div><\/div><\/div><!-- close content main div --><\/div><\/div>\n<style type=\"text\/css\" data-created_by=\"avia_inline_auto\" id=\"style-css-av-28arzn-b0ea2548a1313cddcb9316df73cd7c47\">\n.avia-section.av-28arzn-b0ea2548a1313cddcb9316df73cd7c47 .av-section-color-overlay{\nopacity:0.1;\n}\n<\/style>\n<div id='av_section_2'  class='avia-section av-28arzn-b0ea2548a1313cddcb9316df73cd7c47 main_color avia-section-default avia-no-shadow  avia-builder-el-4  el_after_av_section  el_before_av_one_full  avia-bg-style-scroll av-section-color-overlay-active container_wrap fullsize'  ><div class=\"av-section-color-overlay-wrap\"><div class=\"av-section-color-overlay\"><\/div><div class='container av-section-cont-open' ><div class='template-page content  av-content-full alpha units'><div class='post-entry post-entry-type-page post-entry-115'><div class='entry-content-wrapper clearfix'>\n\n<style type=\"text\/css\" data-created_by=\"avia_inline_auto\" id=\"style-css-av-212drf-14bdaeefd69a23d5026902c895e4c2d7\">\n.flex_column.av-212drf-14bdaeefd69a23d5026902c895e4c2d7{\n-webkit-border-radius:0px 0px 0px 0px;\n-moz-border-radius:0px 0px 0px 0px;\nborder-radius:0px 0px 0px 0px;\npadding:0px 0px 0px 0px;\n}\n<\/style>\n<div class='flex_column av-212drf-14bdaeefd69a23d5026902c895e4c2d7 av_one_half  avia-builder-el-5  el_before_av_one_half  avia-builder-el-first  first flex_column_div av-zero-column-padding '     ><article  class='iconbox iconbox_top av-1ykx2z-c30ad3a0f2a79ef00cf73eb0e8d46119 av-no-box  avia-builder-el-6  el_before_av_gallery  avia-builder-el-first '  itemscope=\"itemscope\" itemtype=\"https:\/\/schema.org\/CreativeWork\" ><div class=\"iconbox_content\"><header class=\"entry-content-header\"><div class=\"iconbox_icon heading-color\" aria-hidden='true' data-av_icon='\ue856' data-av_iconfont='entypo-fontello'><\/div><h3 class='iconbox_content_title '  itemprop=\"headline\" >Venir \u00e0 Avignon<\/h3><\/header><div class='iconbox_content_container '  itemprop=\"text\" ><ul>\n<li>Atelier de l&rsquo;impasse Marcel Reynier \u00e0 Avignon. La venue \u00e0 l&rsquo;atelier d&rsquo;<strong>Avignon<\/strong> se fait <strong>uniquement sur rendez-vous du mardi au samedi<\/strong>.<div  class='avia-button-wrap avia-button-center  avia-builder-el-7  avia-builder-el-no-sibling '>\n<style type=\"text\/css\" data-created_by=\"avia_inline_auto\" id=\"style-css-av-1skf3n-e6f674803d71c7684bd4e1d32f52a604\">\n#top #wrap_all .avia-button.av-1skf3n-e6f674803d71c7684bd4e1d32f52a604{\ncolor:#ffffff;\n-webkit-transition:all 0.4s ease-in-out;\n-moz-transition:all 0.4s ease-in-out;\n-ms-transition:all 0.4s ease-in-out;\n-o-transition:all 0.4s ease-in-out;\ntransition:all 0.4s ease-in-out;\n}\n#top #wrap_all .avia-button.av-1skf3n-e6f674803d71c7684bd4e1d32f52a604:hover{\ncolor:#ffffff;\n-webkit-transition:all 0.4s ease-in-out;\n-moz-transition:all 0.4s ease-in-out;\n-ms-transition:all 0.4s ease-in-out;\n-o-transition:all 0.4s ease-in-out;\ntransition:all 0.4s ease-in-out;\n}\n<\/style>\n<a href='https:\/\/association-roulons-a-velo.paheko.cloud\/m\/bookings\/' class='avia-color-theme-color avia-button avia-button-fullwidth av-1skf3n-e6f674803d71c7684bd4e1d32f52a604 avia-icon_select-yes-left-icon avia-color-theme-color'  ><span class='avia_button_icon avia_button_icon_left' aria-hidden='true' data-av_icon='\ue856' data-av_iconfont='entypo-fontello'><\/span><span class='avia_iconbox_title' >Prendre Rendez-vous<\/span><span class='avia_button_background avia-button avia-button-fullwidth avia-color-theme-color-subtle'><\/span><\/a><\/div><\/li>\n<\/ul>\n<\/div><\/div><footer class=\"entry-footer\"><\/footer><\/article><br \/>\n\n<style type=\"text\/css\" data-created_by=\"avia_inline_auto\" id=\"style-css-av-1kfehn-83dbe76f13a85e7fa2595ea95030a57b\">\n#top .avia-gallery.av-1kfehn-83dbe76f13a85e7fa2595ea95030a57b .avia-gallery-thumb a{\nwidth:20%;\n}\n<\/style>\n<div  class='avia-gallery av-1kfehn-83dbe76f13a85e7fa2595ea95030a57b avia_animate_when_visible  avia-builder-el-8  el_after_av_icon_box  avia-builder-el-last  avia_lazyload avia-gallery-animate avia-gallery-1'  itemprop=\"image\" itemscope=\"itemscope\" itemtype=\"https:\/\/schema.org\/ImageObject\" ><meta itemprop=\"contentURL\" content=\"https:\/\/roulonsavelo.fr\/index.php\/nos-ateliers\/\"><div class='avia-gallery-thumb'><a href=\"https:\/\/roulonsavelo.fr\/wp-content\/uploads\/2019\/11\/73372333_3165648843508136_5393084691492372480_o.jpg\" data-srcset=\"https:\/\/roulonsavelo.fr\/wp-content\/uploads\/2019\/11\/73372333_3165648843508136_5393084691492372480_o.jpg 960w, https:\/\/roulonsavelo.fr\/wp-content\/uploads\/2019\/11\/73372333_3165648843508136_5393084691492372480_o-300x169.jpg 300w, https:\/\/roulonsavelo.fr\/wp-content\/uploads\/2019\/11\/73372333_3165648843508136_5393084691492372480_o-768x432.jpg 768w, https:\/\/roulonsavelo.fr\/wp-content\/uploads\/2019\/11\/73372333_3165648843508136_5393084691492372480_o-705x397.jpg 705w, https:\/\/roulonsavelo.fr\/wp-content\/uploads\/2019\/11\/73372333_3165648843508136_5393084691492372480_o-450x253.jpg 450w\" data-sizes=\"(max-width: 960px) 100vw, 960px\" data-rel='gallery-1' data-prev-img='https:\/\/roulonsavelo.fr\/wp-content\/uploads\/2019\/11\/73372333_3165648843508136_5393084691492372480_o-495x400.jpg' class='first_thumb lightbox ' data-onclick='1' title='73372333_3165648843508136_5393084691492372480_o'  itemprop=\"thumbnailUrl\"  ><img decoding=\"async\" class=\"wp-image-1066 avia-img-lazy-loading-not-1066\"   src=\"https:\/\/roulonsavelo.fr\/wp-content\/uploads\/2019\/11\/73372333_3165648843508136_5393084691492372480_o-495x400.jpg\" width=\"495\" height=\"400\"  title='73372333_3165648843508136_5393084691492372480_o' alt='' \/><div class='big-prev-fake'><img loading=\"lazy\" decoding=\"async\" class=\"wp-image-1066 avia-img-lazy-loading-1066\"  width=\"495\" height=\"400\" src=\"https:\/\/roulonsavelo.fr\/wp-content\/uploads\/2019\/11\/73372333_3165648843508136_5393084691492372480_o-495x400.jpg\" title='73372333_3165648843508136_5393084691492372480_o' alt='' \/><\/div><\/a><a href=\"https:\/\/roulonsavelo.fr\/wp-content\/uploads\/2016\/12\/atelier-2.jpg\" data-srcset=\"https:\/\/roulonsavelo.fr\/wp-content\/uploads\/2016\/12\/atelier-2.jpg 679w, https:\/\/roulonsavelo.fr\/wp-content\/uploads\/2016\/12\/atelier-2-199x300.jpg 199w, https:\/\/roulonsavelo.fr\/wp-content\/uploads\/2016\/12\/atelier-2-467x705.jpg 467w, https:\/\/roulonsavelo.fr\/wp-content\/uploads\/2016\/12\/atelier-2-450x679.jpg 450w\" data-sizes=\"(max-width: 679px) 100vw, 679px\" data-rel='gallery-1' data-prev-img='https:\/\/roulonsavelo.fr\/wp-content\/uploads\/2016\/12\/atelier-2-495x400.jpg' class='lightbox ' data-onclick='2' title='atelier 2'  itemprop=\"thumbnailUrl\"  ><img decoding=\"async\" class=\"wp-image-369 avia-img-lazy-loading-not-369\"   src=\"https:\/\/roulonsavelo.fr\/wp-content\/uploads\/2016\/12\/atelier-2-495x400.jpg\" width=\"495\" height=\"400\"  title='atelier 2' alt='' \/><div class='big-prev-fake'><img loading=\"lazy\" decoding=\"async\" class=\"wp-image-369 avia-img-lazy-loading-369\"  width=\"495\" height=\"400\" src=\"https:\/\/roulonsavelo.fr\/wp-content\/uploads\/2016\/12\/atelier-2-495x400.jpg\" title='atelier 2' alt='' \/><\/div><\/a><a href=\"https:\/\/roulonsavelo.fr\/wp-content\/uploads\/2016\/12\/Atelier-3.jpg\" data-srcset=\"https:\/\/roulonsavelo.fr\/wp-content\/uploads\/2016\/12\/Atelier-3.jpg 1024w, https:\/\/roulonsavelo.fr\/wp-content\/uploads\/2016\/12\/Atelier-3-300x199.jpg 300w, https:\/\/roulonsavelo.fr\/wp-content\/uploads\/2016\/12\/Atelier-3-768x509.jpg 768w, https:\/\/roulonsavelo.fr\/wp-content\/uploads\/2016\/12\/Atelier-3-705x467.jpg 705w, https:\/\/roulonsavelo.fr\/wp-content\/uploads\/2016\/12\/Atelier-3-450x298.jpg 450w\" data-sizes=\"(max-width: 1024px) 100vw, 1024px\" data-rel='gallery-1' data-prev-img='https:\/\/roulonsavelo.fr\/wp-content\/uploads\/2016\/12\/Atelier-3-495x400.jpg' class='lightbox ' data-onclick='3' title='Atelier 3'  itemprop=\"thumbnailUrl\"  ><img decoding=\"async\" class=\"wp-image-368 avia-img-lazy-loading-not-368\"   src=\"https:\/\/roulonsavelo.fr\/wp-content\/uploads\/2016\/12\/Atelier-3-495x400.jpg\" width=\"495\" height=\"400\"  title='Atelier 3' alt='' \/><div class='big-prev-fake'><img loading=\"lazy\" decoding=\"async\" class=\"wp-image-368 avia-img-lazy-loading-368\"  width=\"495\" height=\"400\" src=\"https:\/\/roulonsavelo.fr\/wp-content\/uploads\/2016\/12\/Atelier-3-495x400.jpg\" title='Atelier 3' alt='' \/><\/div><\/a><a href=\"https:\/\/roulonsavelo.fr\/wp-content\/uploads\/2016\/12\/DSC_6423-1030x683.jpg\" data-srcset=\"https:\/\/roulonsavelo.fr\/wp-content\/uploads\/2016\/12\/DSC_6423-1030x683.jpg 1030w, https:\/\/roulonsavelo.fr\/wp-content\/uploads\/2016\/12\/DSC_6423-300x199.jpg 300w, https:\/\/roulonsavelo.fr\/wp-content\/uploads\/2016\/12\/DSC_6423-768x509.jpg 768w, https:\/\/roulonsavelo.fr\/wp-content\/uploads\/2016\/12\/DSC_6423-1500x994.jpg 1500w, https:\/\/roulonsavelo.fr\/wp-content\/uploads\/2016\/12\/DSC_6423-705x467.jpg 705w, https:\/\/roulonsavelo.fr\/wp-content\/uploads\/2016\/12\/DSC_6423-450x298.jpg 450w\" data-sizes=\"(max-width: 1030px) 100vw, 1030px\" data-rel='gallery-1' data-prev-img='https:\/\/roulonsavelo.fr\/wp-content\/uploads\/2016\/12\/DSC_6423-495x400.jpg' class='lightbox ' data-onclick='4' title='DSC_6423'  itemprop=\"thumbnailUrl\"  ><img decoding=\"async\" class=\"wp-image-366 avia-img-lazy-loading-not-366\"   src=\"https:\/\/roulonsavelo.fr\/wp-content\/uploads\/2016\/12\/DSC_6423-495x400.jpg\" width=\"495\" height=\"400\"  title='DSC_6423' alt='' srcset=\"https:\/\/roulonsavelo.fr\/wp-content\/uploads\/2016\/12\/DSC_6423-495x400.jpg 495w, https:\/\/roulonsavelo.fr\/wp-content\/uploads\/2016\/12\/DSC_6423-845x684.jpg 845w\" sizes=\"(max-width: 495px) 100vw, 495px\" \/><div class='big-prev-fake'><img loading=\"lazy\" decoding=\"async\" class=\"wp-image-366 avia-img-lazy-loading-366\"  width=\"495\" height=\"400\" src=\"https:\/\/roulonsavelo.fr\/wp-content\/uploads\/2016\/12\/DSC_6423-495x400.jpg\" title='DSC_6423' alt='' srcset=\"https:\/\/roulonsavelo.fr\/wp-content\/uploads\/2016\/12\/DSC_6423-495x400.jpg 495w, https:\/\/roulonsavelo.fr\/wp-content\/uploads\/2016\/12\/DSC_6423-845x684.jpg 845w\" sizes=\"auto, (max-width: 495px) 100vw, 495px\" \/><\/div><\/a><a href=\"https:\/\/roulonsavelo.fr\/wp-content\/uploads\/2019\/11\/54463227_2606156932790666_5193089479224590336_o.jpg\" data-srcset=\"https:\/\/roulonsavelo.fr\/wp-content\/uploads\/2019\/11\/54463227_2606156932790666_5193089479224590336_o.jpg 540w, https:\/\/roulonsavelo.fr\/wp-content\/uploads\/2019\/11\/54463227_2606156932790666_5193089479224590336_o-169x300.jpg 169w, https:\/\/roulonsavelo.fr\/wp-content\/uploads\/2019\/11\/54463227_2606156932790666_5193089479224590336_o-397x705.jpg 397w, https:\/\/roulonsavelo.fr\/wp-content\/uploads\/2019\/11\/54463227_2606156932790666_5193089479224590336_o-450x800.jpg 450w\" data-sizes=\"(max-width: 540px) 100vw, 540px\" data-rel='gallery-1' data-prev-img='https:\/\/roulonsavelo.fr\/wp-content\/uploads\/2019\/11\/54463227_2606156932790666_5193089479224590336_o-495x400.jpg' class='lightbox ' data-onclick='5' title='54463227_2606156932790666_5193089479224590336_o'  itemprop=\"thumbnailUrl\"  ><img decoding=\"async\" class=\"wp-image-1064 avia-img-lazy-loading-not-1064\"   src=\"https:\/\/roulonsavelo.fr\/wp-content\/uploads\/2019\/11\/54463227_2606156932790666_5193089479224590336_o-495x400.jpg\" width=\"495\" height=\"400\"  title='54463227_2606156932790666_5193089479224590336_o' alt='' \/><div class='big-prev-fake'><img loading=\"lazy\" decoding=\"async\" class=\"wp-image-1064 avia-img-lazy-loading-1064\"  width=\"495\" height=\"400\" src=\"https:\/\/roulonsavelo.fr\/wp-content\/uploads\/2019\/11\/54463227_2606156932790666_5193089479224590336_o-495x400.jpg\" title='54463227_2606156932790666_5193089479224590336_o' alt='' \/><\/div><\/a><\/div><\/div><\/p><\/div>\n<style type=\"text\/css\" data-created_by=\"avia_inline_auto\" id=\"style-css-av-1eomtf-7f7d4c8fcf0edac3a4943826735977a4\">\n.flex_column.av-1eomtf-7f7d4c8fcf0edac3a4943826735977a4{\n-webkit-border-radius:0px 0px 0px 0px;\n-moz-border-radius:0px 0px 0px 0px;\nborder-radius:0px 0px 0px 0px;\npadding:0px 0px 0px 0px;\n}\n<\/style>\n<div class='flex_column av-1eomtf-7f7d4c8fcf0edac3a4943826735977a4 av_one_half  avia-builder-el-9  el_after_av_one_half  el_before_av_one_half  flex_column_div av-zero-column-padding '     ><\/div>\n<style type=\"text\/css\" data-created_by=\"avia_inline_auto\" id=\"style-css-av-11fsx7-230b3ff6aab7d0b36608020125b7b986\">\n.flex_column.av-11fsx7-230b3ff6aab7d0b36608020125b7b986{\n-webkit-border-radius:0px 0px 0px 0px;\n-moz-border-radius:0px 0px 0px 0px;\nborder-radius:0px 0px 0px 0px;\npadding:0px 0px 0px 0px;\n}\n<\/style>\n<div class='flex_column av-11fsx7-230b3ff6aab7d0b36608020125b7b986 av_one_half  avia-builder-el-11  el_after_av_one_half  el_before_av_one_half  first flex_column_div av-zero-column-padding column-top-margin'     ><article  class='iconbox iconbox_top av-vz8j7-89f7ae0b7c7da352e149aebafe4fe17d  avia-builder-el-12  avia-builder-el-no-sibling  main_color'  itemscope=\"itemscope\" itemtype=\"https:\/\/schema.org\/CreativeWork\" ><div class=\"iconbox_content\"><header class=\"entry-content-header\"><div class=\"iconbox_icon heading-color\" aria-hidden='true' data-av_icon='\ue856' data-av_iconfont='entypo-fontello'><\/div><h3 class='iconbox_content_title '  itemprop=\"headline\" >Venir \u00e0 Ved\u00e8ne<\/h3><\/header><div class='iconbox_content_container '  itemprop=\"text\" ><ul>\n<li>Atelier de la Rue Jean Moulin (en face de la Mairie) \u00e0 Ved\u00e8ne. L&rsquo;atelier de <strong>Ved\u00e8ne<\/strong> est tous les mardi de 14h \u00e0 17h ou sur un autre cr\u00e9neau en contactant ateliervelovedene@gmail.com<\/li>\n<\/ul>\n<\/div><\/div><footer class=\"entry-footer\"><\/footer><\/article><\/div>\n<style type=\"text\/css\" data-created_by=\"avia_inline_auto\" id=\"style-css-av-r2o1v-b1b1e769ca62e94e0afcfcec0a28f1d6\">\n.flex_column.av-r2o1v-b1b1e769ca62e94e0afcfcec0a28f1d6{\n-webkit-border-radius:0px 0px 0px 0px;\n-moz-border-radius:0px 0px 0px 0px;\nborder-radius:0px 0px 0px 0px;\npadding:0px 0px 0px 0px;\n}\n<\/style>\n<div class='flex_column av-r2o1v-b1b1e769ca62e94e0afcfcec0a28f1d6 av_one_half  avia-builder-el-13  el_after_av_one_half  avia-builder-el-last  flex_column_div av-zero-column-padding column-top-margin'     ><\/div><\/div><\/div><\/div><!-- close content main div --><\/div><\/div><\/div><div id='after_section_2'  class='main_color av_default_container_wrap container_wrap fullsize'  ><div class='container av-section-cont-open' ><div class='template-page content  av-content-full alpha units'><div class='post-entry post-entry-type-page post-entry-115'><div class='entry-content-wrapper clearfix'>\n<style type=\"text\/css\" data-created_by=\"avia_inline_auto\" id=\"style-css-av-ezpvf-4e9d924c27b51ebb368cd69e88dfdd73\">\n.flex_column.av-ezpvf-4e9d924c27b51ebb368cd69e88dfdd73{\n-webkit-border-radius:0px 0px 0px 0px;\n-moz-border-radius:0px 0px 0px 0px;\nborder-radius:0px 0px 0px 0px;\npadding:0px 0px 0px 0px;\n}\n<\/style>\n<div class='flex_column av-ezpvf-4e9d924c27b51ebb368cd69e88dfdd73 av_one_full  avia-builder-el-15  el_after_av_section  avia-builder-el-no-sibling  first flex_column_div av-zero-column-padding '     ><article  class='iconbox iconbox_top av-7dpob-cffdc00ca9fdb21401de809aa119fa77  avia-builder-el-16  avia-builder-el-no-sibling  main_color'  itemscope=\"itemscope\" itemtype=\"https:\/\/schema.org\/CreativeWork\" ><div class=\"iconbox_content\"><header class=\"entry-content-header\"><div class=\"iconbox_icon heading-color\" aria-hidden='true' data-av_icon='\ue841' data-av_iconfont='entypo-fontello'><\/div><h3 class='iconbox_content_title '  itemprop=\"headline\" >...Et ailleurs en France<\/h3><\/header><div class='iconbox_content_container '  itemprop=\"text\" ><p>D&rsquo;autres ateliers existent en France, sur le m\u00eame mod\u00e8le que celui de Roulons \u00e0 V\u00e9lo. En \u00e9tant adh\u00e9rent \u00e0 Roulons \u00e0 V\u00e9lo, vous pouvez vous y arr\u00eater pendant <a href=\"https:\/\/www.heureux-cyclage.org\/les-voyageureuses.html\">vos voyages<\/a> et r\u00e9parer vos petites pannes. Vous pouvez retrouver tous les ateliers existant en France sur la carte de l&rsquo;Heureux Cyclage <a href=\"https:\/\/www.heureux-cyclage.org\/les-ateliers-en-france.html?afficher_iframe=oui&amp;lat=46.8&amp;lon=2.52&amp;zoom=5\">ici<\/a><\/p>\n<\/div><\/div><footer class=\"entry-footer\"><\/footer><\/article><\/div><\/p>\n","protected":false},"excerpt":{"rendered":"","protected":false},"author":1,"featured_media":0,"parent":0,"menu_order":0,"comment_status":"closed","ping_status":"closed","template":"","meta":{"_mc_calendar":[],"footnotes":""},"class_list":["post-115","page","type-page","status-publish","hentry"],"jetpack_sharing_enabled":true,"jetpack_shortlink":"https:\/\/wp.me\/P9gOw2-1R","_links":{"self":[{"href":"https:\/\/roulonsavelo.fr\/index.php\/wp-json\/wp\/v2\/pages\/115","targetHints":{"allow":["GET"]}}],"collection":[{"href":"https:\/\/roulonsavelo.fr\/index.php\/wp-json\/wp\/v2\/pages"}],"about":[{"href":"https:\/\/roulonsavelo.fr\/index.php\/wp-json\/wp\/v2\/types\/page"}],"author":[{"embeddable":true,"href":"https:\/\/roulonsavelo.fr\/index.php\/wp-json\/wp\/v2\/users\/1"}],"replies":[{"embeddable":true,"href":"https:\/\/roulonsavelo.fr\/index.php\/wp-json\/wp\/v2\/comments?post=115"}],"version-history":[{"count":82,"href":"https:\/\/roulonsavelo.fr\/index.php\/wp-json\/wp\/v2\/pages\/115\/revisions"}],"predecessor-version":[{"id":2838,"href":"https:\/\/roulonsavelo.fr\/index.php\/wp-json\/wp\/v2\/pages\/115\/revisions\/2838"}],"wp:attachment":[{"href":"https:\/\/roulonsavelo.fr\/index.php\/wp-json\/wp\/v2\/media?parent=115"}],"curies":[{"name":"wp","href":"https:\/\/api.w.org\/{rel}","templated":true}]}}