{"id":1367,"date":"2022-01-11T09:35:48","date_gmt":"2022-01-11T08:35:48","guid":{"rendered":"https:\/\/roulonsavelo.fr\/?page_id=1367"},"modified":"2025-10-14T13:51:39","modified_gmt":"2025-10-14T11:51:39","slug":"1-1-qui-sommes-nous","status":"publish","type":"page","link":"https:\/\/roulonsavelo.fr\/index.php\/1-1-qui-sommes-nous\/","title":{"rendered":"1.1 Qui sommes-nous?"},"content":{"rendered":"<section  class='av_textblock_section av-gcol5j-9e2474d5030580d267173bbe5fb42213'  itemscope=\"itemscope\" itemtype=\"https:\/\/schema.org\/CreativeWork\" ><div class='avia_textblock'  itemprop=\"text\" ><\/div><\/section>\n<article  class='iconbox iconbox_top av-e0hw7r-46904ffe77e4bd1e2f3f70ce65d351c8  avia-builder-el-1  el_after_av_textblock  el_before_av_two_third  main_color'  itemscope=\"itemscope\" itemtype=\"https:\/\/schema.org\/CreativeWork\" ><div class=\"iconbox_content\"><header class=\"entry-content-header\"><div class=\"iconbox_icon heading-color\" aria-hidden='true' data-av_icon='\ue8a8' data-av_iconfont='entypo-fontello'><\/div><h3 class='iconbox_content_title '  itemprop=\"headline\" >Objectifs<\/h3><\/header><div class='iconbox_content_container '  itemprop=\"text\" ><p>Roulons \u00c0 V\u00e9lo agit pour promouvoir l\u2019usage du v\u00e9lo comme moyen de transport au quotidien, une alternative \u00e0 la voiture individuelle sur Avignon et ses environs. Avec pr\u00e8s de 1400 adh\u00e9rents, Roulons \u00e0 v\u00e9lo lutte pour que la s\u00e9curit\u00e9 soit une priorit\u00e9 aux yeux de tous les usagers de la route et des \u00e9lus.<\/p>\n<\/div><\/div><footer class=\"entry-footer\"><\/footer><\/article>\n\n<style type=\"text\/css\" data-created_by=\"avia_inline_auto\" id=\"style-css-av-co1faf-ac8a331fc1b4ed3717415a7757e76057\">\n.flex_column.av-co1faf-ac8a331fc1b4ed3717415a7757e76057{\n-webkit-border-radius:0px 0px 0px 0px;\n-moz-border-radius:0px 0px 0px 0px;\nborder-radius:0px 0px 0px 0px;\npadding:0px 0px 0px 0px;\n}\n<\/style>\n<div class='flex_column av-co1faf-ac8a331fc1b4ed3717415a7757e76057 av_two_third  avia-builder-el-2  el_after_av_icon_box  el_before_av_one_third  first flex_column_div av-zero-column-padding '     ><article  class='iconbox iconbox_top av-ai2pmf-5f5ffa8b06a25affa481b3056fdaf909  avia-builder-el-3  avia-builder-el-no-sibling  main_color'  itemscope=\"itemscope\" itemtype=\"https:\/\/schema.org\/CreativeWork\" ><div class=\"iconbox_content\"><header class=\"entry-content-header\"><div class=\"iconbox_icon heading-color\" aria-hidden='true' data-av_icon='\ue84e' data-av_iconfont='entypo-fontello'><\/div><h3 class='iconbox_content_title '  itemprop=\"headline\" >Histoire \/ Valeurs<\/h3><\/header><div class='iconbox_content_container '  itemprop=\"text\" ><div class=\"template-page content av-content-full alpha units\" style=\"text-align: center;\">\n<div class=\"post-entry post-entry-type-page post-entry-61\">\n<div class=\"entry-content-wrapper clearfix\">\n<div class=\"flex_column av_two_third flex_column_div av-zero-column-padding first avia-builder-el-5 el_before_av_one_third avia-builder-el-first \">\n<article class=\"iconbox iconbox_top av-no-box avia-builder-el-6 avia-builder-el-no-sibling \">\n<div class=\"iconbox_content\">\n<div class=\"iconbox_content_container \">\n<p><strong>\u00ab Allez ! Mettez-vous au milieu, on a le droit ! \u00bb Patrick SAULE (Fondateur) <\/strong>\u200bL\u2019association voit le jour dans un garage o\u00f9 Patrick, sommairement \u00e9clair\u00e9 par une lampe de chantier, d\u00e9cide de donner une seconde vie \u00e0 une bicyclette oubli\u00e9e au fond de sa cave.\u00a0\u00abNous recevons essentiellement des gens pour qui le v\u00e9lo est leur unique moyen de transport et leur permet notamment de se rendre \u00e0 leur lieu de travail \u00bb, explique Patrick en 2009.\u00a0L\u2019aventure \u00ab Roulons \u00e0 v\u00e9lo \u00bb n\u2019aurait vu le jour sans le courage, la patience et le militantisme de\u00a0ce dernier.<\/p>\n<p>Roulons \u00e0 v\u00e9lo v\u00e9hicule en premier lieu un message de convivialit\u00e9, que ce soit avec les personnes\u00a0qui viennent \u00e0 l\u2019atelier ou \u00e0 travers les balades \u00e0 th\u00e8me qui sont organis\u00e9es\u00a0r\u00e9guli\u00e8rement.\u00a0Le bien vivre ensemble est important car en tant qu\u2019usagers de la route, Roulons \u00e0 v\u00e9lo est concern\u00e9 par la difficult\u00e9 de trouver sa place au milieu de tous ces v\u00e9hicules motoris\u00e9s.<\/p>\n<p><strong>Plus de v\u00e9los dans l\u2019agglo !<\/strong><\/p>\n<\/div>\n<\/div>\n<\/article>\n<\/div>\n<\/div>\n<\/div>\n<\/div>\n<\/div><\/div><footer class=\"entry-footer\"><\/footer><\/article><\/div>\n\n<style type=\"text\/css\" data-created_by=\"avia_inline_auto\" id=\"style-css-av-xrqhj-7e14dacd2702d66aa678dad1f4a589f3\">\n.flex_column.av-xrqhj-7e14dacd2702d66aa678dad1f4a589f3{\n-webkit-border-radius:0px 0px 0px 0px;\n-moz-border-radius:0px 0px 0px 0px;\nborder-radius:0px 0px 0px 0px;\npadding:0px 0px 0px 0px;\n}\n<\/style>\n<div class='flex_column av-xrqhj-7e14dacd2702d66aa678dad1f4a589f3 av_one_third  avia-builder-el-4  el_after_av_two_third  el_before_av_textblock  flex_column_div av-zero-column-padding '     ><div  class='avia-video av-7i2grr-18ea3f3893cc011fe8ace18754954964 avia-video-16-9 av-no-preview-image avia-video-load-always av-lazyload-immediate av-lazyload-video-embed'  itemprop=\"video\" itemtype=\"https:\/\/schema.org\/VideoObject\"  data-original_url='https:\/\/www.youtube.com\/watch?v=mGSGSJ5JGOA&amp;feature=emb_logo'><script type='text\/html' class='av-video-tmpl'><span class=\"embed-youtube\" style=\"text-align:center; display: block;\"><iframe loading=\"lazy\" class=\"youtube-player\" width=\"1500\" height=\"844\" src=\"https:\/\/www.youtube.com\/embed\/mGSGSJ5JGOA?version=3&#038;rel=1&#038;showsearch=0&#038;showinfo=1&#038;iv_load_policy=1&#038;fs=1&#038;hl=fr-FR&#038;autohide=2&#038;wmode=transparent&autoplay=0&loop=0&controls=1&mute=0\" allowfullscreen=\"true\" style=\"border:0;\" sandbox=\"allow-scripts allow-same-origin allow-popups allow-presentation\"><\/iframe><\/span><\/script><div class='av-click-to-play-overlay'><div class=\"avia_playpause_icon\"><\/div><\/div><\/div><\/div>\n<section  class='av_textblock_section av-5yt847-6609b35f84164505ee20adfb70fb0135'  itemscope=\"itemscope\" itemtype=\"https:\/\/schema.org\/CreativeWork\" ><div class='avia_textblock'  itemprop=\"text\" ><\/div><\/section>\n\n<style type=\"text\/css\" data-created_by=\"avia_inline_auto\" id=\"style-css-av-43vgkn-8290e8502da9b633e03ef66c50f9abb4\">\n.flex_column.av-43vgkn-8290e8502da9b633e03ef66c50f9abb4{\n-webkit-border-radius:0px 0px 0px 0px;\n-moz-border-radius:0px 0px 0px 0px;\nborder-radius:0px 0px 0px 0px;\npadding:0px 0px 0px 0px;\n}\n<\/style>\n<div class='flex_column av-43vgkn-8290e8502da9b633e03ef66c50f9abb4 av_one_full  avia-builder-el-7  el_after_av_textblock  avia-builder-el-last  first flex_column_div av-zero-column-padding column-top-margin'     ><article  class='iconbox iconbox_top av-36pegn-3aace26e6ae1a840bc4c616703c79d45  avia-builder-el-8  avia-builder-el-no-sibling  main_color'  itemscope=\"itemscope\" itemtype=\"https:\/\/schema.org\/CreativeWork\" ><div class=\"iconbox_content\"><header class=\"entry-content-header\"><div class=\"iconbox_icon heading-color\" aria-hidden='true' data-av_icon='\ue80a' data-av_iconfont='entypo-fontello'><\/div><h3 class='iconbox_content_title '  itemprop=\"headline\" >Qui fait vivre Roulons \u00e0 V\u00e9lo?<\/h3><\/header><div class='iconbox_content_container '  itemprop=\"text\" ><p>Roulons \u00e0 V\u00e9lo, c&rsquo;est aussi les personnes qui font vivre l&rsquo;Association!<\/p>\n<ul>\n<li><strong>Le Conseil d&rsquo;Administration Coll\u00e9gial<\/strong> : <span style=\"font-weight: 400;\">Andr\u00e9 ATTIA \/<\/span> <span style=\"font-weight: 400;\">Jean-Luc BONNIER \/ <\/span><span style=\"font-weight: 400;\">Mathieu BRUEL \/ <\/span><span style=\"font-weight: 400;\">Fran\u00e7ois CHAPELLIER<\/span> <span style=\"font-weight: 400;\">\/ Francois GILBERT \/ <\/span><span style=\"font-weight: 400;\">Claire LECLERC <\/span><span style=\"font-weight: 400;\">\/ Marilyse LOIGET \/ Elena MOLINA<\/span><\/li>\n<\/ul>\n<ul>\n<li><strong>Les Salari\u00e9s : <\/strong>Gr\u00e9gory MARC \/ Benjamin VU VAN \/ Richard RUMIANO \/ Audrey ADAM \/ Myl\u00e8ne PASCAL<\/li>\n<\/ul>\n<ul>\n<li><strong>Les b\u00e9n\u00e9voles hors CA : <\/strong>Une trentaine de personnes viennent nous aider tout au long de l&rsquo;ann\u00e9e : Tenue des permanences d&rsquo;autor\u00e9paration, remontage de v\u00e9los, Ateliers Mobiles, V\u00e9lo-\u00e9cole, Conseil au collectivit\u00e9s, administratif. Si l&rsquo;une de ces activit\u00e9s vous int\u00e9resse, rejoignez-nous!<\/li>\n<\/ul>\n<ul>\n<li><strong>Les adh\u00e9rents : <\/strong>1580 personnes ont soutenu Roulons \u00e0 V\u00e9lo en 2024 en cotisant \u00e0 l&rsquo;Association. Ce soutien permet \u00e0 Roulons \u00e0 V\u00e9lo d&rsquo;exister! Un <a href=\"https:\/\/www.facebook.com\/groups\/1222876168162947\">groupe Facebook<\/a> a \u00e9t\u00e9 cr\u00e9e pour les mettre en lien (organisation de balades, \u00e9changes de bons proc\u00e9d\u00e9s, partages d&rsquo;articles de presse&#8230;).<\/li>\n<\/ul>\n<\/div><\/div><footer class=\"entry-footer\"><\/footer><\/article><\/div>\n","protected":false},"excerpt":{"rendered":"","protected":false},"author":1,"featured_media":0,"parent":0,"menu_order":1,"comment_status":"closed","ping_status":"closed","template":"","meta":{"_mc_calendar":[],"footnotes":""},"class_list":["post-1367","page","type-page","status-publish","hentry"],"jetpack_sharing_enabled":true,"jetpack_shortlink":"https:\/\/wp.me\/P9gOw2-m3","_links":{"self":[{"href":"https:\/\/roulonsavelo.fr\/index.php\/wp-json\/wp\/v2\/pages\/1367","targetHints":{"allow":["GET"]}}],"collection":[{"href":"https:\/\/roulonsavelo.fr\/index.php\/wp-json\/wp\/v2\/pages"}],"about":[{"href":"https:\/\/roulonsavelo.fr\/index.php\/wp-json\/wp\/v2\/types\/page"}],"author":[{"embeddable":true,"href":"https:\/\/roulonsavelo.fr\/index.php\/wp-json\/wp\/v2\/users\/1"}],"replies":[{"embeddable":true,"href":"https:\/\/roulonsavelo.fr\/index.php\/wp-json\/wp\/v2\/comments?post=1367"}],"version-history":[{"count":20,"href":"https:\/\/roulonsavelo.fr\/index.php\/wp-json\/wp\/v2\/pages\/1367\/revisions"}],"predecessor-version":[{"id":2682,"href":"https:\/\/roulonsavelo.fr\/index.php\/wp-json\/wp\/v2\/pages\/1367\/revisions\/2682"}],"wp:attachment":[{"href":"https:\/\/roulonsavelo.fr\/index.php\/wp-json\/wp\/v2\/media?parent=1367"}],"curies":[{"name":"wp","href":"https:\/\/api.w.org\/{rel}","templated":true}]}}