{"id":1384,"date":"2022-01-11T09:46:33","date_gmt":"2022-01-11T08:46:33","guid":{"rendered":"https:\/\/roulonsavelo.fr\/?page_id=1384"},"modified":"2024-12-23T17:54:45","modified_gmt":"2024-12-23T16:54:45","slug":"1-2-quelques-chiffres","status":"publish","type":"page","link":"https:\/\/roulonsavelo.fr\/index.php\/1-2-quelques-chiffres\/","title":{"rendered":"1.2 Quelques Chiffres"},"content":{"rendered":"\n<style type=\"text\/css\" data-created_by=\"avia_inline_auto\" id=\"style-css-av-48n554-ea6cedf5596e1cbc4b73a2e077c7f2f0\">\n.flex_column.av-48n554-ea6cedf5596e1cbc4b73a2e077c7f2f0{\n-webkit-border-radius:0px 0px 0px 0px;\n-moz-border-radius:0px 0px 0px 0px;\nborder-radius:0px 0px 0px 0px;\npadding:0px 0px 0px 0px;\n}\n<\/style>\n<div class='flex_column av-48n554-ea6cedf5596e1cbc4b73a2e077c7f2f0 av_one_full  avia-builder-el-0  avia-builder-el-no-sibling  first flex_column_div av-zero-column-padding '     ><article  class='iconbox iconbox_top av-2wabe0-976031c0789788bf29b45f96288d4829  avia-builder-el-1  avia-builder-el-no-sibling  main_color'  itemscope=\"itemscope\" itemtype=\"https:\/\/schema.org\/CreativeWork\" ><div class=\"iconbox_content\"><header class=\"entry-content-header\"><div class=\"iconbox_icon heading-color\" aria-hidden='true' data-av_icon='\ue8c6' data-av_iconfont='entypo-fontello'><\/div><h3 class='iconbox_content_title '  itemprop=\"headline\" >Quelques chiffres<\/h3><\/header><div class='iconbox_content_container '  itemprop=\"text\" ><p>En 2024, Roulons \u00e0 V\u00e9lo c&rsquo;\u00e9tait :<\/p>\n<ul>\n<li>1580 Adh\u00e9rents \u00e0 jour de cotisation au 31\/12\/2024<\/li>\n<li>2 ateliers fixes (Avignon \/ Ved\u00e8ne)<\/li>\n<li>996 V\u00e9los r\u00e9cup\u00e9r\u00e9s \/ 710 V\u00e9los remont\u00e9s puis revendus<\/li>\n<li>3200 Rendez-vous pris \u00e0 l&rsquo;atelier d&rsquo;Avignon<\/li>\n<li>6 campus S\u00e9curit\u00e9 Routi\u00e8re dans les coll\u00e8ges du CD84<\/li>\n<li>15 Ateliers mobiles sur le Grand Avignon<\/li>\n<li>59 Cours de V\u00e9lo-\u00e9cole adulte \/ 35 cours de V\u00e9lo-\u00e9cole enfant (p\u00e9riscolaire)<\/li>\n<\/ul>\n<\/div><\/div><footer class=\"entry-footer\"><\/footer><\/article><\/div>\n","protected":false},"excerpt":{"rendered":"","protected":false},"author":1,"featured_media":0,"parent":0,"menu_order":0,"comment_status":"closed","ping_status":"closed","template":"","meta":{"_mc_calendar":[],"footnotes":""},"class_list":["post-1384","page","type-page","status-publish","hentry"],"jetpack_sharing_enabled":true,"jetpack_shortlink":"https:\/\/wp.me\/P9gOw2-mk","_links":{"self":[{"href":"https:\/\/roulonsavelo.fr\/index.php\/wp-json\/wp\/v2\/pages\/1384","targetHints":{"allow":["GET"]}}],"collection":[{"href":"https:\/\/roulonsavelo.fr\/index.php\/wp-json\/wp\/v2\/pages"}],"about":[{"href":"https:\/\/roulonsavelo.fr\/index.php\/wp-json\/wp\/v2\/types\/page"}],"author":[{"embeddable":true,"href":"https:\/\/roulonsavelo.fr\/index.php\/wp-json\/wp\/v2\/users\/1"}],"replies":[{"embeddable":true,"href":"https:\/\/roulonsavelo.fr\/index.php\/wp-json\/wp\/v2\/comments?post=1384"}],"version-history":[{"count":13,"href":"https:\/\/roulonsavelo.fr\/index.php\/wp-json\/wp\/v2\/pages\/1384\/revisions"}],"predecessor-version":[{"id":2464,"href":"https:\/\/roulonsavelo.fr\/index.php\/wp-json\/wp\/v2\/pages\/1384\/revisions\/2464"}],"wp:attachment":[{"href":"https:\/\/roulonsavelo.fr\/index.php\/wp-json\/wp\/v2\/media?parent=1384"}],"curies":[{"name":"wp","href":"https:\/\/api.w.org\/{rel}","templated":true}]}}