{"id":1388,"date":"2022-01-11T09:47:52","date_gmt":"2022-01-11T08:47:52","guid":{"rendered":"https:\/\/roulonsavelo.fr\/?page_id=1388"},"modified":"2023-01-19T16:15:32","modified_gmt":"2023-01-19T15:15:32","slug":"1-3-evenements-a-venir","status":"publish","type":"page","link":"https:\/\/roulonsavelo.fr\/index.php\/1-3-evenements-a-venir\/","title":{"rendered":"1.3 Ev\u00e8nements \u00e0 venir"},"content":{"rendered":"<section  class='av_textblock_section av-av_textblock-0366cc7376be6c9e82a3e9cc8987b64f'  itemscope=\"itemscope\" itemtype=\"https:\/\/schema.org\/CreativeWork\" ><div class='avia_textblock'  itemprop=\"text\" ><h3><strong>Animations \u00e0 Venir<\/strong><\/h3>\n<p>Courant 2022, Roulons \u00e0 V\u00e9lo sera pr\u00e9sent aux animations suivantes, pour lesquelles nous cherchons toujours des b\u00e9n\u00e9voles!<\/p>\n<p><strong>Attention<\/strong> : Ces \u00e9v\u00e8nements ne sont pas tous ouverts au grand public, sauf quand c&rsquo;est sp\u00e9cifi\u00e9 dans la colonne \u00ab\u00a0Public\u00a0\u00bb \ud83d\ude42<\/p>\n<\/div><\/section>\n<div class='avia-data-table-wrap av-av_table-79567314f19fdf27597651e950bcbb3a avia_responsive_table avia-table-1'><table  class='avia-table avia-data-table avia_pricing_default  avia-builder-el-1  el_after_av_textblock  avia-builder-el-last '  itemscope=\"itemscope\" itemtype=\"https:\/\/schema.org\/Table\" ><tbody><tr class='avia-heading-row'><th class=''>Date<\/th><th class=''>Heure<\/th><th class=''>Lieu<\/th><th class=''>Objet<\/th><th class=''>Public<\/th><th class=''>Remarque<\/th><\/tr><tr class=''><td class=''>Ma 24\/01\/23<\/td><td class=''>Journ\u00e9e<br \/>\n<\/td><td class=''>Coll\u00e8ge Voltaire &#8211; Sorgues&#8230;<\/td><td class=''>Campus S\u00e9curit\u00e9 Routi\u00e8re<\/td><td class=''>Scolaire uniquement<\/td><td class=''><\/td><\/tr><tr class=''><td class=''>Je 09\/02\/23<\/td><td class=''>Journ\u00e9e<\/td><td class=''>Coll\u00e8ge Joseph D&rsquo;ARBAUX Vaison la Romaine<\/td><td class=''>Campus S\u00e9curit\u00e9 Routi\u00e8re<\/td><td class=''>Scolaire uniquement<\/td><td class=''><\/td><\/tr><tr class=''><td class=''>Je 02\/03\/23<\/td><td class=''>Journ\u00e9e<\/td><td class=''>Coll\u00e8ge Andr\u00e9 Malraux Mazan<\/td><td class=''>Campus S\u00e9curit\u00e9 Routi\u00e8re<\/td><td class=''>Scolaire uniquement<\/td><td class=''><\/td><\/tr><tr class=''><td class=''>Je 09\/03\/23<\/td><td class=''>Journ\u00e9e<\/td><td class=''>Coll\u00e8ge Jean Garcin Isle sur la Sorgue<\/td><td class=''>Campus S\u00e9curit\u00e9 Routi\u00e8re<\/td><td class=''>Scolaire uniquement<\/td><td class=''><\/td><\/tr><tr class=''><td class=''>Sa 11\/03\/23<\/td><td class=''>9h \u00e0 12h <\/td><td class=''>Place du march\u00e9 &#8211; Rognonas()<\/td><td class=''>Atelier Mobile <\/td><td class=''>Ouvert au public \ud83d\ude42<\/td><td class=''>A CONFIRMER<\/td><\/tr><tr class=''><td class=''>Sa 18\/03\/23<\/td><td class=''>Journ\u00e9e<\/td><td class=''>Velleron<\/td><td class=''>F\u00eate de la Nature et du Printemps<\/td><td class=''>Ouvert au public \ud83d\ude42<\/td><td class=''>A CONFIRMER<\/td><\/tr><tr class=''><td class=''>Me 15\/03\/23<\/td><td class=''>10h 13h<\/td><td class=''>TREVIE &#8211; Avignon(*)<\/td><td class=''>Atelier Mobile<\/td><td class=''>Ouvert au public, sur inscription aupr\u00e8s de l&rsquo;Association TREVIE \ud83d\ude42<\/td><td class=''><\/td><\/tr><tr class=''><td class=''>Sa 01\/04\/23<\/td><td class=''>Journ\u00e9e<\/td><td class=''>Avignon<\/td><td class=''>Festival Transition Ecologique<\/td><td class=''>Ouvert au public \ud83d\ude42<\/td><td class=''>A CONFIRMER<\/td><\/tr><tr class=''><td class=''>Sa 08\/04\/23<\/td><td class=''>10h 13h<\/td><td class=''>TREVIE &#8211; Avignon(*)<\/td><td class=''>Atelier Mobile<\/td><td class=''>Ouvert au public, sur inscription aupr\u00e8s de l&rsquo;Association TREVIE \ud83d\ude42<\/td><td class=''><\/td><\/tr><tr class=''><td class=''>Je 13\/04\/23<\/td><td class=''>Journ\u00e9e<\/td><td class=''>Coll\u00e8ge Alphonse Tavan Montfavet <\/td><td class=''>Campus S\u00e9curit\u00e9 Routi\u00e8re<\/td><td class=''>Scolaire uniquement<\/td><td class=''><\/td><\/tr><tr class=''><td class=''>Sa 15\/04\/23 <\/td><td class=''>9h \u00e0 12h <\/td><td class=''>Place du march\u00e9 &#8211; Barbentane<\/td><td class=''> Atelier Mobile <\/td><td class=''>Ouvert au public \ud83d\ude42<\/td><td class=''>A CONFIRMER<\/td><\/tr><tr class=''><td class=''>Me 10\/05\/23<\/td><td class=''>10h 13h<\/td><td class=''>TREVIE &#8211; Avignon(*)<\/td><td class=''>Atelier Mobile<\/td><td class=''>Ouvert au public, sur inscription aupr\u00e8s de l&rsquo;Association TREVIE \ud83d\ude42<\/td><td class=''><\/td><\/tr><tr class=''><td class=''>Sa 13\/05\/23, <\/td><td class=''>9h 12h<\/td><td class=''>Place du March\u00e9 &#8211; Rognonas<\/td><td class=''> Atelier Mobile<br \/>\n<\/td><td class=''>Ouvert au public \ud83d\ude42<\/td><td class=''>A CONFIRMER<\/td><\/tr><tr class=''><td class=''>Sa 27\/05\/23<\/td><td class=''>10h 13h<\/td><td class=''>TREVIE &#8211; Avignon(*)<\/td><td class=''>Atelier Mobile<\/td><td class=''>Ouvert au public, sur inscription aupr\u00e8s de l&rsquo;Association TREVIE \ud83d\ude42<\/td><td class=''><\/td><\/tr><tr class=''><td class=''>Sa 10\/06\/23<\/td><td class=''>9h 12h<\/td><td class=''>Place du march\u00e9 &#8211; Barbentane<\/td><td class=''>Atelier Mobile<\/td><td class=''>Ouvert au public \ud83d\ude42<\/td><td class=''>A CONFIRMER<\/td><\/tr><tr class=''><td class=''><\/td><td class=''><\/td><td class=''><\/td><td class=''><\/td><td class=''><\/td><td class=''><\/td><\/tr><tr class=''><td class=''><\/td><td class=''><\/td><td class=''><\/td><td class=''><\/td><td class=''><\/td><td class=''><\/td><\/tr><\/tbody><\/table><\/div><style type='text\/css'>.avia-table-1 td:nth-of-type(1):before { content: 'Date'; } .avia-table-1 td:nth-of-type(2):before { content: 'Heure'; } .avia-table-1 td:nth-of-type(3):before { content: 'Lieu'; } .avia-table-1 td:nth-of-type(4):before { content: 'Objet'; } .avia-table-1 td:nth-of-type(5):before { content: 'Public'; } .avia-table-1 td:nth-of-type(6):before { content: 'Remarque'; } <\/style>\n","protected":false},"excerpt":{"rendered":"","protected":false},"author":1,"featured_media":0,"parent":0,"menu_order":0,"comment_status":"closed","ping_status":"closed","template":"","meta":{"_mc_calendar":[],"footnotes":""},"class_list":["post-1388","page","type-page","status-publish","hentry"],"jetpack_sharing_enabled":true,"jetpack_shortlink":"https:\/\/wp.me\/P9gOw2-mo","_links":{"self":[{"href":"https:\/\/roulonsavelo.fr\/index.php\/wp-json\/wp\/v2\/pages\/1388","targetHints":{"allow":["GET"]}}],"collection":[{"href":"https:\/\/roulonsavelo.fr\/index.php\/wp-json\/wp\/v2\/pages"}],"about":[{"href":"https:\/\/roulonsavelo.fr\/index.php\/wp-json\/wp\/v2\/types\/page"}],"author":[{"embeddable":true,"href":"https:\/\/roulonsavelo.fr\/index.php\/wp-json\/wp\/v2\/users\/1"}],"replies":[{"embeddable":true,"href":"https:\/\/roulonsavelo.fr\/index.php\/wp-json\/wp\/v2\/comments?post=1388"}],"version-history":[{"count":76,"href":"https:\/\/roulonsavelo.fr\/index.php\/wp-json\/wp\/v2\/pages\/1388\/revisions"}],"predecessor-version":[{"id":2779,"href":"https:\/\/roulonsavelo.fr\/index.php\/wp-json\/wp\/v2\/pages\/1388\/revisions\/2779"}],"wp:attachment":[{"href":"https:\/\/roulonsavelo.fr\/index.php\/wp-json\/wp\/v2\/media?parent=1388"}],"curies":[{"name":"wp","href":"https:\/\/api.w.org\/{rel}","templated":true}]}}