{"id":1401,"date":"2022-01-11T11:10:13","date_gmt":"2022-01-11T10:10:13","guid":{"rendered":"https:\/\/roulonsavelo.fr\/?page_id=1401"},"modified":"2022-01-14T14:38:26","modified_gmt":"2022-01-14T13:38:26","slug":"2-3-donner-un-velo","status":"publish","type":"page","link":"https:\/\/roulonsavelo.fr\/index.php\/2-3-donner-un-velo\/","title":{"rendered":"2.3 Donner un v\u00e9lo"},"content":{"rendered":"\n<style type=\"text\/css\" data-created_by=\"avia_inline_auto\" id=\"style-css-av-av_two_third-6126cab7d8fab8d08143dd2dacdf673c\">\n.flex_column.av-av_two_third-6126cab7d8fab8d08143dd2dacdf673c{\n-webkit-border-radius:0px 0px 0px 0px;\n-moz-border-radius:0px 0px 0px 0px;\nborder-radius:0px 0px 0px 0px;\npadding:0px 0px 0px 0px;\n}\n<\/style>\n<div class='flex_column av-av_two_third-6126cab7d8fab8d08143dd2dacdf673c av_two_third  avia-builder-el-0  el_before_av_one_third  avia-builder-el-first  first flex_column_div av-zero-column-padding '     ><article  class='iconbox iconbox_left av-av_icon_box-7c7f6a016c135b7a062514e24eaf4256  avia-builder-el-1  avia-builder-el-no-sibling '  itemscope=\"itemscope\" itemtype=\"https:\/\/schema.org\/CreativeWork\" ><div class=\"iconbox_content\"><header class=\"entry-content-header\"><div class=\"iconbox_icon heading-color\" aria-hidden='true' data-av_icon='\ue90a' data-av_iconfont='entypo-fontello'><\/div><h3 class='iconbox_content_title '  itemprop=\"headline\" >Donner un V\u00e9lo<\/h3><\/header><div class='iconbox_content_container '  itemprop=\"text\" ><p>L&rsquo;association r\u00e9cup\u00e8re <strong>tous les v\u00e9los<\/strong> inutilis\u00e9s afin de leur donner une seconde vie et en faire profiter d&rsquo;autres personnes.<\/p>\n<p>Les v\u00e9los donn\u00e9s seront soit remis en \u00e9tat et mis en vente aux adh\u00e9rents, soit d\u00e9mont\u00e9s afin de r\u00e9cup\u00e9rer des pi\u00e8ces et alimenter l&rsquo;atelier d&rsquo;auto-r\u00e9paration.<\/p>\n<p><strong>L&rsquo;association existe gr\u00e2ce aux dons de v\u00e9lo, parlez-en autour de vous!<\/strong><\/p>\n<p>Si vous souhaitez venir nous donner un v\u00e9lo, vous pouvez le faire <strong>sans rendez-vous<\/strong>. Merci toutefois de nous appeler au 0490328355 au pr\u00e9alable pour vous assurer que quelqu&rsquo;un est l\u00e0 pour vous accueillir! Lorsqu&rsquo;il ne vous est pas possible de vous d\u00e9placer, Roulons \u00e0 V\u00e9lo peut organiser un ramassage chez vous.<\/p>\n<\/div><\/div><footer class=\"entry-footer\"><\/footer><\/article><\/div>\n<style type=\"text\/css\" data-created_by=\"avia_inline_auto\" id=\"style-css-av-av_one_third-0aa7055fe62c3622faec82866afbaeb2\">\n.flex_column.av-av_one_third-0aa7055fe62c3622faec82866afbaeb2{\n-webkit-border-radius:0px 0px 0px 0px;\n-moz-border-radius:0px 0px 0px 0px;\nborder-radius:0px 0px 0px 0px;\npadding:0px 0px 0px 0px;\n}\n<\/style>\n<div class='flex_column av-av_one_third-0aa7055fe62c3622faec82866afbaeb2 av_one_third  avia-builder-el-2  el_after_av_two_third  avia-builder-el-last  flex_column_div av-zero-column-padding '     ><style type=\"text\/css\" data-created_by=\"avia_inline_auto\" id=\"style-css-av-av_image-abdaf3fb9513bbf7ba45bbc49b5c110e\">\n.avia-image-container.av-av_image-abdaf3fb9513bbf7ba45bbc49b5c110e img.avia_image{\nbox-shadow:none;\n}\n.avia-image-container.av-av_image-abdaf3fb9513bbf7ba45bbc49b5c110e .av-image-caption-overlay-center{\ncolor:#ffffff;\n}\n<\/style>\n<div  class='avia-image-container av-av_image-abdaf3fb9513bbf7ba45bbc49b5c110e av-styling- avia-align-center  avia-builder-el-3  avia-builder-el-no-sibling '   itemprop=\"image\" itemscope=\"itemscope\" itemtype=\"https:\/\/schema.org\/ImageObject\" ><div class=\"avia-image-container-inner\"><div class=\"avia-image-overlay-wrap\"><img decoding=\"async\" class='wp-image-1475 avia-img-lazy-loading-not-1475 avia_image ' src=\"https:\/\/roulonsavelo.fr\/wp-content\/uploads\/2022\/01\/Affiche-dons-de-velo-935x1030-1-272x300.jpg\" alt='' title='Affiche-dons-de-v\u00e9lo-935x1030'  height=\"300\" width=\"272\"  itemprop=\"thumbnailUrl\" srcset=\"https:\/\/roulonsavelo.fr\/wp-content\/uploads\/2022\/01\/Affiche-dons-de-velo-935x1030-1-272x300.jpg 272w, https:\/\/roulonsavelo.fr\/wp-content\/uploads\/2022\/01\/Affiche-dons-de-velo-935x1030-1-768x846.jpg 768w, https:\/\/roulonsavelo.fr\/wp-content\/uploads\/2022\/01\/Affiche-dons-de-velo-935x1030-1-640x705.jpg 640w, https:\/\/roulonsavelo.fr\/wp-content\/uploads\/2022\/01\/Affiche-dons-de-velo-935x1030-1-450x496.jpg 450w, https:\/\/roulonsavelo.fr\/wp-content\/uploads\/2022\/01\/Affiche-dons-de-velo-935x1030-1.jpg 935w\" sizes=\"(max-width: 272px) 100vw, 272px\" \/><\/div><\/div><\/div><\/div><\/p>\n","protected":false},"excerpt":{"rendered":"","protected":false},"author":1,"featured_media":0,"parent":0,"menu_order":0,"comment_status":"closed","ping_status":"closed","template":"","meta":{"_mc_calendar":[],"footnotes":""},"class_list":["post-1401","page","type-page","status-publish","hentry"],"jetpack_sharing_enabled":true,"jetpack_shortlink":"https:\/\/wp.me\/P9gOw2-mB","_links":{"self":[{"href":"https:\/\/roulonsavelo.fr\/index.php\/wp-json\/wp\/v2\/pages\/1401","targetHints":{"allow":["GET"]}}],"collection":[{"href":"https:\/\/roulonsavelo.fr\/index.php\/wp-json\/wp\/v2\/pages"}],"about":[{"href":"https:\/\/roulonsavelo.fr\/index.php\/wp-json\/wp\/v2\/types\/page"}],"author":[{"embeddable":true,"href":"https:\/\/roulonsavelo.fr\/index.php\/wp-json\/wp\/v2\/users\/1"}],"replies":[{"embeddable":true,"href":"https:\/\/roulonsavelo.fr\/index.php\/wp-json\/wp\/v2\/comments?post=1401"}],"version-history":[{"count":11,"href":"https:\/\/roulonsavelo.fr\/index.php\/wp-json\/wp\/v2\/pages\/1401\/revisions"}],"predecessor-version":[{"id":2553,"href":"https:\/\/roulonsavelo.fr\/index.php\/wp-json\/wp\/v2\/pages\/1401\/revisions\/2553"}],"wp:attachment":[{"href":"https:\/\/roulonsavelo.fr\/index.php\/wp-json\/wp\/v2\/media?parent=1401"}],"curies":[{"name":"wp","href":"https:\/\/api.w.org\/{rel}","templated":true}]}}