{"id":1414,"date":"2022-01-12T11:40:04","date_gmt":"2022-01-12T10:40:04","guid":{"rendered":"https:\/\/roulonsavelo.fr\/?page_id=1414"},"modified":"2026-01-20T17:53:02","modified_gmt":"2026-01-20T16:53:02","slug":"3-1-velo-ecole","status":"publish","type":"page","link":"https:\/\/roulonsavelo.fr\/index.php\/3-1-velo-ecole\/","title":{"rendered":"3.1 V\u00e9lo-\u00e9cole"},"content":{"rendered":"\n<style type=\"text\/css\" data-created_by=\"avia_inline_auto\" id=\"style-css-av-arp2sm-3992efcca7e1bfc4fa8e58db547c5bcf\">\n.flex_column.av-arp2sm-3992efcca7e1bfc4fa8e58db547c5bcf{\n-webkit-border-radius:0px 0px 0px 0px;\n-moz-border-radius:0px 0px 0px 0px;\nborder-radius:0px 0px 0px 0px;\npadding:0px 0px 0px 0px;\n}\n<\/style>\n<div class='flex_column av-arp2sm-3992efcca7e1bfc4fa8e58db547c5bcf av_one_full  avia-builder-el-0  el_before_av_one_full  avia-builder-el-first  first flex_column_div av-zero-column-padding '     ><article  class='iconbox iconbox_top av-8jomt2-6e9f9cbf94c48027c16c4bb1cd6b1d47  avia-builder-el-1  avia-builder-el-no-sibling  main_color'  itemscope=\"itemscope\" itemtype=\"https:\/\/schema.org\/CreativeWork\" ><div class=\"iconbox_content\"><header class=\"entry-content-header\"><div class=\"iconbox_icon heading-color\" aria-hidden='true' data-av_icon='\ue8c9' data-av_iconfont='entypo-fontello'><\/div><h3 class='iconbox_content_title '  itemprop=\"headline\" >V\u00e9lo-\u00e9cole<\/h3><\/header><div class='iconbox_content_container '  itemprop=\"text\" ><p style=\"text-align: center;\"><b>Prendre des cours de v\u00e9lo \u00e9cole avec Roulons \u00c0 V\u00e9lo\u00a0<\/b><\/p>\n<p style=\"text-align: left;\">L&rsquo;association Roulons \u00c0 V\u00e9lo vous propose des cours pour apprendre \u00e0 p\u00e9daler, trouver son \u00e9quilibre \u00e0 v\u00e9lo ou se sentir \u00e0 l&rsquo;aise pour rouler en ville. Le tout de mani\u00e8re encadr\u00e9e et s\u00e9curis\u00e9e.<\/p>\n<p style=\"text-align: left;\"><strong>Nous vous proposons deux niveaux diff\u00e9rents :<\/strong><\/p>\n<ul style=\"text-align: left;\">\n<li aria-level=\"1\">\u201cPremiers coups de p\u00e9dales\u201d, pour les personnes ne sachant pas p\u00e9daler. Apprentissage en milieu ferm\u00e9 et \u00e0 l\u2019abri des regards (5 s\u00e9ances) <strong>(cours collectifs) <\/strong><\/li>\n<li aria-level=\"1\">\u201cRemise en selle\u201d, pour les personnes sachant p\u00e9daler mais d\u00e9sirant se perfectionner et se sentir plus \u00e0 l\u2019aise lors de sorties urbaines (5 s\u00e9ances) <strong>(cours collectifs) <\/strong><\/li>\n<\/ul>\n<p style=\"text-align: left;\"><strong>Tarifs :<\/strong><\/p>\n<ul style=\"text-align: left;\">\n<li aria-level=\"1\">Afin de pouvoir b\u00e9n\u00e9ficier des cours de v\u00e9lo-\u00e9cole, il est n\u00e9cessaire d\u2019adh\u00e9rer \u00e0 l\u2019association (adh\u00e9sion de 5\u20ac\/an Assurance, et vous donnant aussi acc\u00e8s \u00e0 l\u2019achat d\u2019un v\u00e9lo \u00e0 moindre frais si vous n\u2019en avez pas).<\/li>\n<li aria-level=\"1\">Les cours sont ensuite factur\u00e9s \u00e0 prix libre entre 5 et 25\u20ac les 5 s\u00e9ances (nombre minimum de s\u00e9ances pour un apprentissage efficace).<\/li>\n<li aria-level=\"1\">Premier cours d\u2019essai gratuit.<\/li>\n<\/ul>\n<p style=\"text-align: left;\">Vous pouvez vous inscrire via le lien en bas de page.<\/p>\n<p style=\"text-align: left;\">Pour toute question relative \u00e0 la V\u00e9lo \u00c9cole, merci de contacter Audrey ADAM \u00e0 l\u2019adresse <a href=\"mailto:roulonsavelo-veloecole@laposte.net\">roulonsavelo-veloecole@laposte.net<\/a> ou au 04 90 32 83 55<\/p>\n<p style=\"text-align: left;\"><strong>D\u00e9roul\u00e9 des s\u00e9ances :<\/strong><\/p>\n<ul>\n<li style=\"text-align: left;\" aria-level=\"1\">Actuellement nous proposons des cours le vendredi matin et samedi matin de 10h \u00e0 12h.<\/li>\n<li style=\"text-align: left;\" aria-level=\"1\">Les rendez-vous (9h45) se font \u00e0 l&rsquo;association Roulons A V\u00e9lo (plan d&rsquo;acc\u00e8s<a href=\"https:\/\/goo.gl\/maps\/hGRRJpExwjrGVzHE8\"> ICI<\/a>) pour le pr\u00eat de mat\u00e9riel. Ensuite nous nous rendons sur l&rsquo;esplanade du Gymnase Paul Giera, \u00e0 l&rsquo;abri des regards et de la circulation.<\/li>\n<li style=\"text-align: left;\" aria-level=\"1\">Nous pr\u00eatons v\u00e9los, casques et gilets fluos aux apprenant.e.s lors des s\u00e9ances.<\/li>\n<li style=\"text-align: left;\" aria-level=\"1\">Afin que l\u2019apprentissage se fasse dans de bonnes conditions, Roulons \u00c0 V\u00e9lo demande aux apprenant\u00b7es d\u2019\u00eatre assidu\u00b7es aux s\u00e9ances de v\u00e9lo-\u00e9cole et de pr\u00e9venir au moins 24h en avance en cas d\u2019annulation.<\/li>\n<\/ul>\n<hr \/>\n<p style=\"text-align: left;\">&#x26a0;&#xfe0f; Pour toute demande de remise en selle <strong>grand public (Enfant \/ Adulte) hors d&rsquo;Avignon<\/strong>, merci d&rsquo;avance de vous adresser \u00e0 <a href=\"https:\/\/velo-grandavignon.fr\/fr\/\">la Maison du V\u00e9lo<\/a><\/p>\n<p style=\"text-align: left;\">&#x26a0;&#xfe0f; Pour toute demande de remise en selle en <strong>centre social (hors CIDFF)<\/strong>, merci d&rsquo;avance de vous adresser \u00e0 la <a href=\"https:\/\/velo-grandavignon.fr\/fr\/\">Maison du V\u00e9lo<\/a><\/p>\n<hr \/>\n<\/div><\/div><footer class=\"entry-footer\"><\/footer><\/article><\/div><div class='flex_column av-2efb9i-8e495049125c5b50bd57827bd9a374c9 av_one_full  avia-builder-el-2  el_after_av_one_full  el_before_av_one_half  first flex_column_div column-top-margin'     ><div  class='avia-button-wrap av-lfscx6pg-210a94d4316e0e80eb137d418fbe7a4d-wrap avia-button-center  avia-builder-el-3  avia-builder-el-no-sibling '><a href='https:\/\/forms.gle\/fw9ekQXBENnPpacFA'  class='avia-button av-lfscx6pg-210a94d4316e0e80eb137d418fbe7a4d avia-icon_select-yes-left-icon avia-size-medium avia-position-center avia-color-theme-color'  ><span class='avia_button_icon avia_button_icon_left' aria-hidden='true' data-av_icon='\ue881' data-av_iconfont='entypo-fontello'><\/span><span class='avia_iconbox_title' >Cliquez ici pour vous inscrire \u00e0 la v\u00e9lo-\u00e9cole<\/span><\/a><\/div><\/div><\/p>\n\n<style type=\"text\/css\" data-created_by=\"avia_inline_auto\" id=\"style-css-av-ppqpi-27944e13ab2a160d4633b0bab45186d7\">\n.flex_column.av-ppqpi-27944e13ab2a160d4633b0bab45186d7{\n-webkit-border-radius:0px 0px 0px 0px;\n-moz-border-radius:0px 0px 0px 0px;\nborder-radius:0px 0px 0px 0px;\npadding:0px 0px 0px 0px;\n}\n<\/style>\n<div class='flex_column av-ppqpi-27944e13ab2a160d4633b0bab45186d7 av_one_half  avia-builder-el-4  el_after_av_one_full  el_before_av_one_half  first flex_column_div av-zero-column-padding column-top-margin'     ><style type=\"text\/css\" data-created_by=\"avia_inline_auto\" id=\"style-css-av-5fbx8m-d0b1d36982b5b0aaf6acce145d3c5589\">\n.avia-image-container.av-5fbx8m-d0b1d36982b5b0aaf6acce145d3c5589 img.avia_image{\nbox-shadow:none;\n}\n.avia-image-container.av-5fbx8m-d0b1d36982b5b0aaf6acce145d3c5589 .av-image-caption-overlay-center{\ncolor:#ffffff;\n}\n<\/style>\n<div  class='avia-image-container av-5fbx8m-d0b1d36982b5b0aaf6acce145d3c5589 av-styling- avia-align-right  avia-builder-el-5  avia-builder-el-no-sibling '   itemprop=\"image\" itemscope=\"itemscope\" itemtype=\"https:\/\/schema.org\/ImageObject\" ><div class=\"avia-image-container-inner\"><div class=\"avia-image-overlay-wrap\"><img decoding=\"async\" class='wp-image-1803 avia-img-lazy-loading-not-1803 avia_image ' src=\"https:\/\/roulonsavelo.fr\/wp-content\/uploads\/2022\/09\/20220625_103227-300x300.jpg\" alt='' title='20220625_103227'  height=\"300\" width=\"300\"  itemprop=\"thumbnailUrl\" srcset=\"https:\/\/roulonsavelo.fr\/wp-content\/uploads\/2022\/09\/20220625_103227-300x300.jpg 300w, https:\/\/roulonsavelo.fr\/wp-content\/uploads\/2022\/09\/20220625_103227-1030x1030.jpg 1030w, https:\/\/roulonsavelo.fr\/wp-content\/uploads\/2022\/09\/20220625_103227-80x80.jpg 80w, https:\/\/roulonsavelo.fr\/wp-content\/uploads\/2022\/09\/20220625_103227-768x768.jpg 768w, https:\/\/roulonsavelo.fr\/wp-content\/uploads\/2022\/09\/20220625_103227-1536x1536.jpg 1536w, https:\/\/roulonsavelo.fr\/wp-content\/uploads\/2022\/09\/20220625_103227-2048x2048.jpg 2048w, https:\/\/roulonsavelo.fr\/wp-content\/uploads\/2022\/09\/20220625_103227-36x36.jpg 36w, https:\/\/roulonsavelo.fr\/wp-content\/uploads\/2022\/09\/20220625_103227-180x180.jpg 180w, https:\/\/roulonsavelo.fr\/wp-content\/uploads\/2022\/09\/20220625_103227-1500x1500.jpg 1500w, https:\/\/roulonsavelo.fr\/wp-content\/uploads\/2022\/09\/20220625_103227-705x705.jpg 705w, https:\/\/roulonsavelo.fr\/wp-content\/uploads\/2022\/09\/20220625_103227-120x120.jpg 120w, https:\/\/roulonsavelo.fr\/wp-content\/uploads\/2022\/09\/20220625_103227-450x450.jpg 450w\" sizes=\"(max-width: 300px) 100vw, 300px\" \/><\/div><\/div><\/div><\/div>\n\n<style type=\"text\/css\" data-created_by=\"avia_inline_auto\" id=\"style-css-av-4eyc6e-0548e51f671222f9759c4bfaed448898\">\n.flex_column.av-4eyc6e-0548e51f671222f9759c4bfaed448898{\n-webkit-border-radius:0px 0px 0px 0px;\n-moz-border-radius:0px 0px 0px 0px;\nborder-radius:0px 0px 0px 0px;\npadding:0px 0px 0px 0px;\n}\n<\/style>\n<div class='flex_column av-4eyc6e-0548e51f671222f9759c4bfaed448898 av_one_half  avia-builder-el-6  el_after_av_one_half  avia-builder-el-last  flex_column_div av-zero-column-padding column-top-margin'     ><style type=\"text\/css\" data-created_by=\"avia_inline_auto\" id=\"style-css-av-2zfwx2-6ef30c7221307a7fe9ac34dd7237b0a2\">\n.avia-image-container.av-2zfwx2-6ef30c7221307a7fe9ac34dd7237b0a2 img.avia_image{\nbox-shadow:none;\n}\n.avia-image-container.av-2zfwx2-6ef30c7221307a7fe9ac34dd7237b0a2 .av-image-caption-overlay-center{\ncolor:#ffffff;\n}\n<\/style>\n<div  class='avia-image-container av-2zfwx2-6ef30c7221307a7fe9ac34dd7237b0a2 av-styling- avia-align-left  avia-builder-el-7  avia-builder-el-no-sibling '   itemprop=\"image\" itemscope=\"itemscope\" itemtype=\"https:\/\/schema.org\/ImageObject\" ><div class=\"avia-image-container-inner\"><div class=\"avia-image-overlay-wrap\"><img decoding=\"async\" class='wp-image-1853 avia-img-lazy-loading-not-1853 avia_image ' src=\"https:\/\/roulonsavelo.fr\/wp-content\/uploads\/2023\/01\/DSC_2567-195x300.png\" alt='' title='DSC_2567'  height=\"300\" width=\"195\"  itemprop=\"thumbnailUrl\" srcset=\"https:\/\/roulonsavelo.fr\/wp-content\/uploads\/2023\/01\/DSC_2567-195x300.png 195w, https:\/\/roulonsavelo.fr\/wp-content\/uploads\/2023\/01\/DSC_2567-670x1030.png 670w, https:\/\/roulonsavelo.fr\/wp-content\/uploads\/2023\/01\/DSC_2567-768x1181.png 768w, https:\/\/roulonsavelo.fr\/wp-content\/uploads\/2023\/01\/DSC_2567-999x1536.png 999w, https:\/\/roulonsavelo.fr\/wp-content\/uploads\/2023\/01\/DSC_2567-1332x2048.png 1332w, https:\/\/roulonsavelo.fr\/wp-content\/uploads\/2023\/01\/DSC_2567-976x1500.png 976w, https:\/\/roulonsavelo.fr\/wp-content\/uploads\/2023\/01\/DSC_2567-458x705.png 458w, https:\/\/roulonsavelo.fr\/wp-content\/uploads\/2023\/01\/DSC_2567-450x692.png 450w, https:\/\/roulonsavelo.fr\/wp-content\/uploads\/2023\/01\/DSC_2567.png 1488w\" sizes=\"(max-width: 195px) 100vw, 195px\" \/><\/div><\/div><\/div><\/div>\n","protected":false},"excerpt":{"rendered":"","protected":false},"author":1,"featured_media":0,"parent":0,"menu_order":0,"comment_status":"closed","ping_status":"closed","template":"","meta":{"_mc_calendar":[],"footnotes":""},"class_list":["post-1414","page","type-page","status-publish","hentry"],"jetpack_sharing_enabled":true,"jetpack_shortlink":"https:\/\/wp.me\/P9gOw2-mO","_links":{"self":[{"href":"https:\/\/roulonsavelo.fr\/index.php\/wp-json\/wp\/v2\/pages\/1414","targetHints":{"allow":["GET"]}}],"collection":[{"href":"https:\/\/roulonsavelo.fr\/index.php\/wp-json\/wp\/v2\/pages"}],"about":[{"href":"https:\/\/roulonsavelo.fr\/index.php\/wp-json\/wp\/v2\/types\/page"}],"author":[{"embeddable":true,"href":"https:\/\/roulonsavelo.fr\/index.php\/wp-json\/wp\/v2\/users\/1"}],"replies":[{"embeddable":true,"href":"https:\/\/roulonsavelo.fr\/index.php\/wp-json\/wp\/v2\/comments?post=1414"}],"version-history":[{"count":13,"href":"https:\/\/roulonsavelo.fr\/index.php\/wp-json\/wp\/v2\/pages\/1414\/revisions"}],"predecessor-version":[{"id":2791,"href":"https:\/\/roulonsavelo.fr\/index.php\/wp-json\/wp\/v2\/pages\/1414\/revisions\/2791"}],"wp:attachment":[{"href":"https:\/\/roulonsavelo.fr\/index.php\/wp-json\/wp\/v2\/media?parent=1414"}],"curies":[{"name":"wp","href":"https:\/\/api.w.org\/{rel}","templated":true}]}}