{"id":1418,"date":"2022-01-12T11:42:17","date_gmt":"2022-01-12T10:42:17","guid":{"rendered":"https:\/\/roulonsavelo.fr\/?page_id=1418"},"modified":"2022-01-12T11:42:17","modified_gmt":"2022-01-12T10:42:17","slug":"3-3-conseil-aux-collectivites","status":"publish","type":"page","link":"https:\/\/roulonsavelo.fr\/index.php\/3-3-conseil-aux-collectivites\/","title":{"rendered":"3.3 Conseil aux collectivit\u00e9s"},"content":{"rendered":"\n<style type=\"text\/css\" data-created_by=\"avia_inline_auto\" id=\"style-css-av-av_one_full-6126cab7d8fab8d08143dd2dacdf673c\">\n.flex_column.av-av_one_full-6126cab7d8fab8d08143dd2dacdf673c{\n-webkit-border-radius:0px 0px 0px 0px;\n-moz-border-radius:0px 0px 0px 0px;\nborder-radius:0px 0px 0px 0px;\npadding:0px 0px 0px 0px;\n}\n<\/style>\n<div class='flex_column av-av_one_full-6126cab7d8fab8d08143dd2dacdf673c av_one_full  avia-builder-el-0  avia-builder-el-no-sibling  first flex_column_div av-zero-column-padding '     ><article  class='iconbox iconbox_top av-av_icon_box-27835badaf9a58820d4402bf736a0ed8  avia-builder-el-1  avia-builder-el-no-sibling  main_color'  itemscope=\"itemscope\" itemtype=\"https:\/\/schema.org\/CreativeWork\" ><div class=\"iconbox_content\"><header class=\"entry-content-header\"><div class=\"iconbox_icon heading-color\" aria-hidden='true' data-av_icon='\ue8d2' data-av_iconfont='entypo-fontello'><\/div><h3 class='iconbox_content_title '  itemprop=\"headline\" >Conseil aux collectivit\u00e9s<\/h3><\/header><div class='iconbox_content_container '  itemprop=\"text\" ><p>L\u2019Association a pour objet de promouvoir l\u2019utilisation de la bicyclette comme moyen de d\u00e9placement et de transport alternatif \u00e0 la voiture individuelle et en combinaison avec d\u2019autres modes de transport collectifs (train, bus\u2026).<\/p>\n<p>L\u2019Association a donc pour but de\u00a0travailler en concertation, notamment avec les pouvoirs\u00a0publics, pour que tout soit mis en \u0153uvre afin que les cyclistes roulent en s\u00e9curit\u00e9 (pistes cyclables, partage de la voirie, lutte contre le vol\u2026) et propose des am\u00e9nagements pratiques\u00a0(stationnements,\u00a0parking \u00e0 v\u00e9lo\u2026).<\/p>\n<p>L\u2019Association se veut donc d\u2019utilit\u00e9 publique car elle repr\u00e9sente les usagers cyclistes et peut\u00a0donc se pourvoir en justice, en son nom, et au nom des usagers cyclistes qu\u2019elle repr\u00e9sente.<\/p>\n<p>Roulons \u00e0 V\u00e9lo participe notamment :<\/p>\n<ul>\n<li>\u00e0 des visites de terrain avec les techniciens de la Ville d&rsquo;Avignon et du GA pour trouver des solutions pratiques aux probl\u00e8mes rencontr\u00e9s par les cyclistes.<\/li>\n<li>\u00e0 une carte collaborative afin de synth\u00e9tiser les probl\u00e8mes rencontr\u00e9s sur Avignon.<\/li>\n<li>\u00e0 des tests de d&rsquo;\u00e9quipements prototypes install\u00e9s derri\u00e8re les cars du Vaucluse.<\/li>\n<li>aux suivis de diff\u00e9rents projets de voirie sur le GA \u00e0 travers les r\u00e9unions publiques organis\u00e9es.<\/li>\n<\/ul>\n<\/div><\/div><footer class=\"entry-footer\"><\/footer><\/article><\/div>\n","protected":false},"excerpt":{"rendered":"","protected":false},"author":1,"featured_media":0,"parent":0,"menu_order":0,"comment_status":"closed","ping_status":"closed","template":"","meta":{"_mc_calendar":[],"footnotes":""},"class_list":["post-1418","page","type-page","status-publish","hentry"],"jetpack_sharing_enabled":true,"jetpack_shortlink":"https:\/\/wp.me\/P9gOw2-mS","_links":{"self":[{"href":"https:\/\/roulonsavelo.fr\/index.php\/wp-json\/wp\/v2\/pages\/1418","targetHints":{"allow":["GET"]}}],"collection":[{"href":"https:\/\/roulonsavelo.fr\/index.php\/wp-json\/wp\/v2\/pages"}],"about":[{"href":"https:\/\/roulonsavelo.fr\/index.php\/wp-json\/wp\/v2\/types\/page"}],"author":[{"embeddable":true,"href":"https:\/\/roulonsavelo.fr\/index.php\/wp-json\/wp\/v2\/users\/1"}],"replies":[{"embeddable":true,"href":"https:\/\/roulonsavelo.fr\/index.php\/wp-json\/wp\/v2\/comments?post=1418"}],"version-history":[{"count":6,"href":"https:\/\/roulonsavelo.fr\/index.php\/wp-json\/wp\/v2\/pages\/1418\/revisions"}],"predecessor-version":[{"id":1838,"href":"https:\/\/roulonsavelo.fr\/index.php\/wp-json\/wp\/v2\/pages\/1418\/revisions\/1838"}],"wp:attachment":[{"href":"https:\/\/roulonsavelo.fr\/index.php\/wp-json\/wp\/v2\/media?parent=1418"}],"curies":[{"name":"wp","href":"https:\/\/api.w.org\/{rel}","templated":true}]}}