{"id":1428,"date":"2022-01-11T11:37:47","date_gmt":"2022-01-11T10:37:47","guid":{"rendered":"https:\/\/roulonsavelo.fr\/?page_id=1428"},"modified":"2026-01-16T15:26:12","modified_gmt":"2026-01-16T14:26:12","slug":"2-4-ateliers-mobiles","status":"publish","type":"page","link":"https:\/\/roulonsavelo.fr\/index.php\/2-4-ateliers-mobiles\/","title":{"rendered":"2.4 Ateliers Mobiles"},"content":{"rendered":"\n<style type=\"text\/css\" data-created_by=\"avia_inline_auto\" id=\"style-css-av-3y8his-3863e941712f9d5c832b540e4072ece0\">\n.flex_column.av-3y8his-3863e941712f9d5c832b540e4072ece0{\n-webkit-border-radius:0px 0px 0px 0px;\n-moz-border-radius:0px 0px 0px 0px;\nborder-radius:0px 0px 0px 0px;\npadding:0px 0px 0px 0px;\n}\n<\/style>\n<div class='flex_column av-3y8his-3863e941712f9d5c832b540e4072ece0 av_one_full  avia-builder-el-0  avia-builder-el-no-sibling  first flex_column_div av-zero-column-padding '     ><article  class='iconbox iconbox_top av-2o8blw-f4f49113515e5cf164adaa41e91a98c1  avia-builder-el-1  avia-builder-el-no-sibling  main_color'  itemscope=\"itemscope\" itemtype=\"https:\/\/schema.org\/CreativeWork\" ><div class=\"iconbox_content\"><header class=\"entry-content-header\"><div class=\"iconbox_icon heading-color\" aria-hidden='true' data-av_icon='\ue856' data-av_iconfont='entypo-fontello'><\/div><h3 class='iconbox_content_title '  itemprop=\"headline\" >Ateliers Mobiles<\/h3><\/header><div class='iconbox_content_container '  itemprop=\"text\" ><p>Si vous ne pouvez pas venir \u00e0 l&rsquo;atelier, l&rsquo;atelier vient \u00e0 vous! Roulons \u00e0 V\u00e9lo r\u00e9alise des ateliers mobiles \u00e0 la demande d&rsquo;entreprises, de structures sociales ou de collectivit\u00e9s. Pour nous retrouver vous pouvez consulter <a href=\"https:\/\/roulonsavelo.fr\/index.php\/1-3-evenements-a-venir\/\">nos \u00e9v\u00e8nements \u00e0 venir <\/a>\u00a0ou bien nous contacter pour programmer un atelier mobile au sein de votre structure.<\/p>\n<p><a href=\"https:\/\/velo-grandavignon.fr\/fr\/\">La Maison du V\u00e9lo<\/a> peut \u00e9galement intervenir <strong>pour vous accompagner dans la promotion de la mobilit\u00e9 cyclable.<\/strong><\/p>\n<p>En fonction de vos besoins,\u00a0<strong>les deux structures peuvent intervenir conjointement<\/strong> afin d\u2019offrir \u00e0 vos collaborateurs une exp\u00e9rience compl\u00e8te, m\u00ealant\u00a0<strong>informations pratiques<\/strong> et\u00a0<strong>ateliers concrets<\/strong> pour encourager la pratique du v\u00e9lo au quotidien.<\/p>\n<\/div><\/div><footer class=\"entry-footer\"><\/footer><\/article><\/div>\n","protected":false},"excerpt":{"rendered":"","protected":false},"author":1,"featured_media":0,"parent":0,"menu_order":0,"comment_status":"closed","ping_status":"closed","template":"","meta":{"_mc_calendar":[],"footnotes":""},"class_list":["post-1428","page","type-page","status-publish","hentry"],"jetpack_sharing_enabled":true,"jetpack_shortlink":"https:\/\/wp.me\/P9gOw2-n2","_links":{"self":[{"href":"https:\/\/roulonsavelo.fr\/index.php\/wp-json\/wp\/v2\/pages\/1428","targetHints":{"allow":["GET"]}}],"collection":[{"href":"https:\/\/roulonsavelo.fr\/index.php\/wp-json\/wp\/v2\/pages"}],"about":[{"href":"https:\/\/roulonsavelo.fr\/index.php\/wp-json\/wp\/v2\/types\/page"}],"author":[{"embeddable":true,"href":"https:\/\/roulonsavelo.fr\/index.php\/wp-json\/wp\/v2\/users\/1"}],"replies":[{"embeddable":true,"href":"https:\/\/roulonsavelo.fr\/index.php\/wp-json\/wp\/v2\/comments?post=1428"}],"version-history":[{"count":7,"href":"https:\/\/roulonsavelo.fr\/index.php\/wp-json\/wp\/v2\/pages\/1428\/revisions"}],"predecessor-version":[{"id":2780,"href":"https:\/\/roulonsavelo.fr\/index.php\/wp-json\/wp\/v2\/pages\/1428\/revisions\/2780"}],"wp:attachment":[{"href":"https:\/\/roulonsavelo.fr\/index.php\/wp-json\/wp\/v2\/media?parent=1428"}],"curies":[{"name":"wp","href":"https:\/\/api.w.org\/{rel}","templated":true}]}}