{"id":1432,"date":"2022-01-12T11:44:19","date_gmt":"2022-01-12T10:44:19","guid":{"rendered":"https:\/\/roulonsavelo.fr\/?page_id=1432"},"modified":"2022-01-12T11:44:19","modified_gmt":"2022-01-12T10:44:19","slug":"4-1-adherer-a-roulons-a-velo","status":"publish","type":"page","link":"https:\/\/roulonsavelo.fr\/index.php\/4-1-adherer-a-roulons-a-velo\/","title":{"rendered":"4.1 Adh\u00e9rer \u00e0 Roulons \u00e0 V\u00e9lo"},"content":{"rendered":"\t\t\t<iframe src=\"https:\/\/www.helloasso.com\/associations\/association-roulons-a-velo\/adhesions\/bulletin-adhesion\/widget\"  id=\"idIframe\" style=\"width:100%; height:750px; border:none;\" border=\"0\"><\/iframe>\n\t\t\t\n","protected":false},"excerpt":{"rendered":"","protected":false},"author":1,"featured_media":0,"parent":0,"menu_order":0,"comment_status":"closed","ping_status":"closed","template":"","meta":{"_mc_calendar":[],"footnotes":""},"class_list":["post-1432","page","type-page","status-publish","hentry"],"jetpack_sharing_enabled":true,"jetpack_shortlink":"https:\/\/wp.me\/P9gOw2-n6","_links":{"self":[{"href":"https:\/\/roulonsavelo.fr\/index.php\/wp-json\/wp\/v2\/pages\/1432","targetHints":{"allow":["GET"]}}],"collection":[{"href":"https:\/\/roulonsavelo.fr\/index.php\/wp-json\/wp\/v2\/pages"}],"about":[{"href":"https:\/\/roulonsavelo.fr\/index.php\/wp-json\/wp\/v2\/types\/page"}],"author":[{"embeddable":true,"href":"https:\/\/roulonsavelo.fr\/index.php\/wp-json\/wp\/v2\/users\/1"}],"replies":[{"embeddable":true,"href":"https:\/\/roulonsavelo.fr\/index.php\/wp-json\/wp\/v2\/comments?post=1432"}],"version-history":[{"count":3,"href":"https:\/\/roulonsavelo.fr\/index.php\/wp-json\/wp\/v2\/pages\/1432\/revisions"}],"predecessor-version":[{"id":1617,"href":"https:\/\/roulonsavelo.fr\/index.php\/wp-json\/wp\/v2\/pages\/1432\/revisions\/1617"}],"wp:attachment":[{"href":"https:\/\/roulonsavelo.fr\/index.php\/wp-json\/wp\/v2\/media?parent=1432"}],"curies":[{"name":"wp","href":"https:\/\/api.w.org\/{rel}","templated":true}]}}