{"id":1839,"date":"2023-01-21T17:49:35","date_gmt":"2023-01-21T16:49:35","guid":{"rendered":"https:\/\/roulonsavelo.fr\/?page_id=1839"},"modified":"2026-01-27T19:32:33","modified_gmt":"2026-01-27T18:32:33","slug":"reseau-express-velo","status":"publish","type":"page","link":"https:\/\/roulonsavelo.fr\/index.php\/reseau-express-velo\/","title":{"rendered":"5.1 R\u00e9seau Express V\u00e9lo"},"content":{"rendered":"<article  class='iconbox iconbox_top av-lrsa4pbw-c8a82a7a5b7be5a5d5d04e42ecb7d40f  avia-builder-el-0  el_before_av_hr  avia-builder-el-first  main_color'  itemscope=\"itemscope\" itemtype=\"https:\/\/schema.org\/CreativeWork\" ><div class=\"iconbox_content\"><header class=\"entry-content-header\"><div class=\"iconbox_icon heading-color\" aria-hidden='true' data-av_icon='\ue841' data-av_iconfont='entypo-fontello'><\/div><h3 class='iconbox_content_title '  itemprop=\"headline\" >R\u00e9seau Express V\u00e9lo<\/h3><\/header><div class='iconbox_content_container '  itemprop=\"text\" ><p style=\"text-align: left;\">Les cyclistes et explorateurs r\u00e9guliers proposent et maintiennent \u00e0 jour le plan du <a href=\"https:\/\/fr.wikipedia.org\/wiki\/R%C3%A9seau_express_v%C3%A9lo\">R\u00e9seau Express V\u00e9lo<\/a> ci-dessous, en distinguant les tron\u00e7ons d\u00e9j\u00e0 r\u00e9alis\u00e9s, en construction et ceux \u00e0 d\u00e9finir plus pr\u00e9cis\u00e9ment avec les communes (trac\u00e9, s\u00e9curisation et signal\u00e9tique) afin d&rsquo;assurer la continuit\u00e9 de l&rsquo;ensemble du r\u00e9seau de v\u00e9loroute express (cliquer sur l\u2019\u0153il pour les masquer\/afficher). La carte des compteurs de passage \u00e0 v\u00e9lo est disponible <a href=\"https:\/\/data.eco-counter.com\/ParcPublic\/?id=891\">ici<\/a>. Merci de <a href=\"https:\/\/roulonsavelo.fr\/index.php\/contact\/\">nous contacter<\/a> pour toute information ou mise \u00e0 jour!<\/p>\n<\/div><\/div><footer class=\"entry-footer\"><\/footer><\/article>\n<div  class='hr av-6bz4nz-5fc6340e831e62108cbc24b829afe205 hr-default  avia-builder-el-1  el_after_av_icon_box  el_before_av_codeblock '><span class='hr-inner '><span class=\"hr-inner-style\"><\/span><\/span><\/div>\n\n<section  class='av_textblock_section av-m8fpthvz-2f0748179dacfc06cbc78d4bea305533'  itemscope=\"itemscope\" itemtype=\"https:\/\/schema.org\/CreativeWork\" ><div class='avia_textblock'  itemprop=\"text\" ><h3>Dates clefs<\/h3>\n<div>2026-01-12 Diagnostic et pr\u00e9conisations d\u2019am\u00e9nagement pour d\u00e9velopper la cyclabilit\u00e9 \u00e0 Avignon &#8211; Une analyse \u00e0 partir du barom\u00e8tre v\u00e9lo (FUB 2025). \u00c0 t\u00e9l\u00e9charger <a href=\"https:\/\/roulonsavelo.fr\/wp-content\/uploads\/2026\/01\/Rapport_cyclabilite_L3_geographie_web.pdf\">ici<\/a>.<\/div>\n<div>2025-11-26 Pr\u00e9sentation des avanc\u00e9es du REV (retour sur les \u00e9tudes de faisabilit\u00e9 des trois premiers lots de 65km au total) par le Grand Avignon<\/div>\n<div>2025-11-14 Inauguration d&rsquo;un <a href=\"https:\/\/www.grandavignon.fr\/fr\/actualites\/une-nouvelle-voie-verte-relie-le-centre-ville-davignon-agroparc\">tron\u00e7on de 1 000 m\u00e8tres<\/a> le long du canal de la Duran\u00e7ole (Agroparc).<\/div>\n<div>2025-07-17 Vote du <a href=\"https:\/\/www.terredeprovence-agglo.com\/PLAN-DE-MOBILITE-2025-2035-Construisons-ensemble-la-mobilite-de-demain\">plan de mobilit\u00e9 de Terre de Provence<\/a> (dont 26 fiches actions cyclables !). Voir les d\u00e9lib\u00e9rations 149 et 150 disponibles <a href=\"https:\/\/www.terredeprovence-agglo.com\/Deliberations-examinees-par-le-conseil-communautaire-du-17-juillet-2025\">ici<\/a>.<\/div>\n<div>2025-03-26 R\u00e9union publique relative au plan de mobilit\u00e9 de Terre de Provence (contributions <a href=\"https:\/\/www.registre-numerique.fr\/plan-mobilite-terre-de-provence\/voir-avis\/18f1b403-f622-46a9-86ad-ba22626c0a96\">ici<\/a> et <a href=\"https:\/\/www.registre-numerique.fr\/plan-mobilite-terre-de-provence\/voir-avis\/86204bf8-6711-41c1-94f4-198d0a553d04\">ici<\/a>)<\/div>\n<div>2025-02-26 Pr\u00e9sentation des avanc\u00e9es du REV (\u00e9tudes et travaux \u00e0 venir) et du projet de r\u00e9f\u00e9rentiel commun par le Grand Avignon<\/div>\n<div>2025-01-30 R\u00e9union mobilit\u00e9 du Grand Avignon avec Terre De Provence pour parler parking-relais, sch\u00e9ma directeur v\u00e9lo etc.<\/div>\n<div>2024-10-30 Article dans le <a href=\"https:\/\/www.grandavignon.fr\/sites\/default\/files\/media\/downloads\/grand_avignon_mag_58.pdf\">magazine du Grand Avignon #58<\/a> pour annoncer le R\u00e9seau Express V\u00e9lo (page 12)<\/div>\n<div>2024-06-24 Vote du REV en conseil communautaire du Grand Avignon (voir <a href=\"https:\/\/www.youtube.com\/watch?v=vLwXxZw9Qlo\">replay \u00e0 partir de 1:56:30<\/a>)<br \/>\n2024-02-17 <a href=\"https:\/\/www.facebook.com\/photo\/?fbid=686230630391500\">Pr\u00e9cisions de l&rsquo;agglom\u00e9ration<\/a> en r\u00e9ponse \u00e0 l&rsquo;article de presse du 4 f\u00e9vrier dans La Provence<br \/>\n2024-02-04 <a href=\"https:\/\/www.facebook.com\/photo\/?fbid=678994507781779\">Article de presse dans La Provence<\/a> par le collectif Wocon!<br \/>\n2024-01-18 Pr\u00e9sentation du projet aux associations par le Grand Avignon<br \/>\n2023-12-07 Pr\u00e9sentation du projet aux \u00e9lus des communes par le Grand Avignon<br \/>\n2023-05-11 Pr\u00e9sentation du projet aux techniciens des communes par Grand Avignon<br \/>\n2023-04-03 Pr\u00e9sentation du projet du Grand Avignon \u00e0 Roulons \u00e0 V\u00e9lo (quasi identique \u00e0 notre proposition)<br \/>\n2023-03-?? Partage du trac\u00e9 du REV propos\u00e9 par Roulons \u00e0 V\u00e9lo (carte ci-dessous) au Grand Avignon<br \/>\n2022-04-29 Conf\u00e9rence <a href=\"https:\/\/www.heureux-cyclage.org\/conference-stein-van-oosteren.html\">Conf\u00e9rence de Stein Van Oosteren \u00e0 l&rsquo;H\u00f4tel de ville.<\/a><br \/>\n2021-12-10 Sortie du clip <a href=\"https:\/\/www.youtube.com\/watch?v=aU0_FMjWE-M\">Wocon! &#8211; EP06 &#8211; Le v\u00e9lo \u00e0 Avignon : place au REV !<\/a><\/div>\n<\/div><\/section>\n<section  class='av_textblock_section av-7463j-0845ca4749cf8ccaaf92929d8264b793'  itemscope=\"itemscope\" itemtype=\"https:\/\/schema.org\/CreativeWork\" ><div class='avia_textblock'  itemprop=\"text\" ><\/div><\/section>\n<div class='flex_column av-2bs5nz-bc3391dbfa61526e61bcbc58d943a220 av_one_full  avia-builder-el-5  el_after_av_textblock  avia-builder-el-last  first flex_column_div column-top-margin'     ><\/div>\n","protected":false},"excerpt":{"rendered":"","protected":false},"author":1,"featured_media":0,"parent":0,"menu_order":0,"comment_status":"closed","ping_status":"closed","template":"","meta":{"_mc_calendar":[],"footnotes":""},"class_list":["post-1839","page","type-page","status-publish","hentry"],"jetpack_sharing_enabled":true,"jetpack_shortlink":"https:\/\/wp.me\/P9gOw2-tF","_links":{"self":[{"href":"https:\/\/roulonsavelo.fr\/index.php\/wp-json\/wp\/v2\/pages\/1839","targetHints":{"allow":["GET"]}}],"collection":[{"href":"https:\/\/roulonsavelo.fr\/index.php\/wp-json\/wp\/v2\/pages"}],"about":[{"href":"https:\/\/roulonsavelo.fr\/index.php\/wp-json\/wp\/v2\/types\/page"}],"author":[{"embeddable":true,"href":"https:\/\/roulonsavelo.fr\/index.php\/wp-json\/wp\/v2\/users\/1"}],"replies":[{"embeddable":true,"href":"https:\/\/roulonsavelo.fr\/index.php\/wp-json\/wp\/v2\/comments?post=1839"}],"version-history":[{"count":38,"href":"https:\/\/roulonsavelo.fr\/index.php\/wp-json\/wp\/v2\/pages\/1839\/revisions"}],"predecessor-version":[{"id":2805,"href":"https:\/\/roulonsavelo.fr\/index.php\/wp-json\/wp\/v2\/pages\/1839\/revisions\/2805"}],"wp:attachment":[{"href":"https:\/\/roulonsavelo.fr\/index.php\/wp-json\/wp\/v2\/media?parent=1839"}],"curies":[{"name":"wp","href":"https:\/\/api.w.org\/{rel}","templated":true}]}}