{"id":2056,"date":"2023-04-19T18:05:31","date_gmt":"2023-04-19T16:05:31","guid":{"rendered":"https:\/\/roulonsavelo.fr\/?page_id=2056"},"modified":"2023-04-19T18:21:17","modified_gmt":"2023-04-19T16:21:17","slug":"5-2-signaler-un-point-noir","status":"publish","type":"page","link":"https:\/\/roulonsavelo.fr\/index.php\/5-2-signaler-un-point-noir\/","title":{"rendered":"5.3 Signaler un point noir"},"content":{"rendered":"<article  class='iconbox iconbox_top av-lgnvwiqk-324223efb541ee5d28e6e49746b8ab58  avia-builder-el-0  el_before_av_button  avia-builder-el-first  main_color'  itemscope=\"itemscope\" itemtype=\"https:\/\/schema.org\/CreativeWork\" ><div class=\"iconbox_content\"><header class=\"entry-content-header\"><div class=\"iconbox_icon heading-color\" aria-hidden='true' data-av_icon='\ue83e' data-av_iconfont='entypo-fontello'><\/div><h3 class='iconbox_content_title '  itemprop=\"headline\" >Signaler un point noir<\/h3><\/header><div class='iconbox_content_container '  itemprop=\"text\" ><p>En signalant des points noirs, vous nous aidez \u00e0 hi\u00e9rarchiser les priorit\u00e9s des probl\u00e8mes de voirie. Nous faisons remonter l&rsquo;information et travaillons avec la mairie d&rsquo;Avignon et le Grand Avignon pour trouver des solutions dans les meilleurs d\u00e9lais. Dans tous les cas prenez une minute pour contacter la mairie, apr\u00e8s avoir compl\u00e9t\u00e9 ce formulaire, au 04 90 80 80 00 \/ <a href=\"mailto:allo.mairie@mairie-avignon.com\">allo.mairie@mairie-avignon.com<\/a>. Merci d&rsquo;avance.<\/p>\n<\/div><\/div><footer class=\"entry-footer\"><\/footer><\/article>\n<div  class='avia-button-wrap av-lgnvxci5-1a29023d85959fcde66d71cb93d0b3a9-wrap avia-button-center  avia-builder-el-1  el_after_av_icon_box  avia-builder-el-last '><a href='https:\/\/docs.google.com\/forms\/d\/e\/1FAIpQLSdtL6JLXaTtU_y8Nq9zoTjvj2s5MpdS1SZCaL66J5PEA3kfbg\/viewform?usp=sf_link'  class='avia-button av-lgnvxci5-1a29023d85959fcde66d71cb93d0b3a9 avia-icon_select-yes-left-icon avia-size-small avia-position-center avia-color-theme-color'  ><span class='avia_button_icon avia_button_icon_left' aria-hidden='true' data-av_icon='\ue83e' data-av_iconfont='entypo-fontello'><\/span><span class='avia_iconbox_title' >Signaler un point noit<\/span><\/a><\/div>\n","protected":false},"excerpt":{"rendered":"","protected":false},"author":1,"featured_media":0,"parent":0,"menu_order":0,"comment_status":"closed","ping_status":"closed","template":"","meta":{"_mc_calendar":[],"footnotes":""},"class_list":["post-2056","page","type-page","status-publish","hentry"],"jetpack_sharing_enabled":true,"jetpack_shortlink":"https:\/\/wp.me\/P9gOw2-xa","_links":{"self":[{"href":"https:\/\/roulonsavelo.fr\/index.php\/wp-json\/wp\/v2\/pages\/2056","targetHints":{"allow":["GET"]}}],"collection":[{"href":"https:\/\/roulonsavelo.fr\/index.php\/wp-json\/wp\/v2\/pages"}],"about":[{"href":"https:\/\/roulonsavelo.fr\/index.php\/wp-json\/wp\/v2\/types\/page"}],"author":[{"embeddable":true,"href":"https:\/\/roulonsavelo.fr\/index.php\/wp-json\/wp\/v2\/users\/1"}],"replies":[{"embeddable":true,"href":"https:\/\/roulonsavelo.fr\/index.php\/wp-json\/wp\/v2\/comments?post=2056"}],"version-history":[{"count":5,"href":"https:\/\/roulonsavelo.fr\/index.php\/wp-json\/wp\/v2\/pages\/2056\/revisions"}],"predecessor-version":[{"id":2058,"href":"https:\/\/roulonsavelo.fr\/index.php\/wp-json\/wp\/v2\/pages\/2056\/revisions\/2058"}],"wp:attachment":[{"href":"https:\/\/roulonsavelo.fr\/index.php\/wp-json\/wp\/v2\/media?parent=2056"}],"curies":[{"name":"wp","href":"https:\/\/api.w.org\/{rel}","templated":true}]}}