{"id":2419,"date":"2024-10-08T14:16:07","date_gmt":"2024-10-08T12:16:07","guid":{"rendered":"https:\/\/roulonsavelo.fr\/?page_id=2419"},"modified":"2025-11-26T18:50:42","modified_gmt":"2025-11-26T17:50:42","slug":"3-6-prestations-objectif-employeur-pro-velo","status":"publish","type":"page","link":"https:\/\/roulonsavelo.fr\/index.php\/3-6-prestations-objectif-employeur-pro-velo\/","title":{"rendered":"3.6 Prestations Objectif Employeur Pro V\u00e9lo"},"content":{"rendered":"\n<style type=\"text\/css\" data-created_by=\"avia_inline_auto\" id=\"style-css-av-mig7sdci-5c6e6e35e7f2e546b60962c720c867c0\">\n#top #wrap_all .iconbox.av-mig7sdci-5c6e6e35e7f2e546b60962c720c867c0 .iconbox_content_title{\nfont-size:40px;\n}\n.iconbox.av-mig7sdci-5c6e6e35e7f2e546b60962c720c867c0 .iconbox_content_container{\nfont-size:16px;\n}\n<\/style>\n<article  class='iconbox iconbox_top av-mig7sdci-5c6e6e35e7f2e546b60962c720c867c0 av-icon-style-no-border  avia-builder-el-0  el_before_av_one_full  avia-builder-el-first  main_color'  itemscope=\"itemscope\" itemtype=\"https:\/\/schema.org\/CreativeWork\" ><div class=\"iconbox_content\"><header class=\"entry-content-header\"><div class=\"iconbox_icon heading-color\" aria-hidden='true' data-av_icon='\ue8a8' data-av_iconfont='entypo-fontello'><\/div><h3 class='iconbox_content_title '  itemprop=\"headline\" >Prestations Objectif Employeur Pro V\u00e9lo (OEPV)<\/h3><\/header><div class='iconbox_content_container '  itemprop=\"text\" ><p style=\"text-align: left;\">Dans le cadre du programme de labellisation Employeur Pro V\u00e9lo, Roulons \u00e0 V\u00e9lo vous propose plusieurs prestations labellisantes.<\/p>\n<p style=\"text-align: left;\">Si vous souhaitez des prestations techniques ou \u00e9ducatives dans votre entreprise, mais sans vous faire labelliser, nous pouvons vous proposer une prestation et tarification appropri\u00e9e \u00e0 votre demande.<\/p>\n<p style=\"text-align: left;\">Pour plus de d\u00e9tails, n&rsquo;h\u00e9sitez pas \u00e0 nous contacter \u00e0 l&rsquo;atelier au 04 90 32 83 55.<\/p>\n<h2>&#8212;&#8212;&#8212;&#8212;&#8212;&#8212;&#8212;<\/h2>\n<h2><\/h2>\n<h2><\/h2>\n<h2><span style=\"text-decoration: underline;\">Prestations de maintenance et techniques OEPV<\/span><\/h2>\n<p><img loading=\"lazy\" decoding=\"async\" class=\"alignnone wp-image-2755 size-full\" src=\"https:\/\/roulonsavelo.fr\/wp-content\/uploads\/2025\/11\/presta-tech_OEPV.png\" alt=\"\" width=\"1024\" height=\"500\" srcset=\"https:\/\/roulonsavelo.fr\/wp-content\/uploads\/2025\/11\/presta-tech_OEPV.png 1024w, https:\/\/roulonsavelo.fr\/wp-content\/uploads\/2025\/11\/presta-tech_OEPV-300x146.png 300w, https:\/\/roulonsavelo.fr\/wp-content\/uploads\/2025\/11\/presta-tech_OEPV-768x375.png 768w, https:\/\/roulonsavelo.fr\/wp-content\/uploads\/2025\/11\/presta-tech_OEPV-705x344.png 705w\" sizes=\"auto, (max-width: 1024px) 100vw, 1024px\" \/><\/p>\n<h2><span style=\"text-decoration: underline;\"><strong>Prestations \u00e9ducatives OEPV<\/strong><\/span><\/h2>\n<p><img loading=\"lazy\" decoding=\"async\" class=\"alignnone wp-image-2756 size-full\" src=\"https:\/\/roulonsavelo.fr\/wp-content\/uploads\/2025\/11\/Presta-educ_OEPV.png\" alt=\"\" width=\"1024\" height=\"468\" srcset=\"https:\/\/roulonsavelo.fr\/wp-content\/uploads\/2025\/11\/Presta-educ_OEPV.png 1024w, https:\/\/roulonsavelo.fr\/wp-content\/uploads\/2025\/11\/Presta-educ_OEPV-300x137.png 300w, https:\/\/roulonsavelo.fr\/wp-content\/uploads\/2025\/11\/Presta-educ_OEPV-768x351.png 768w, https:\/\/roulonsavelo.fr\/wp-content\/uploads\/2025\/11\/Presta-educ_OEPV-705x322.png 705w\" sizes=\"auto, (max-width: 1024px) 100vw, 1024px\" \/><\/p>\n<\/div><\/div><footer class=\"entry-footer\"><\/footer><\/article>\n<div class='flex_column av-av_one_full-7714eba142aeda1f8b5272a3c372b279 av_one_full  avia-builder-el-1  el_after_av_icon_box  avia-builder-el-last  first flex_column_div '     ><div  class='avia-video av-mig8wy7n-3526ff1ae0eb857ed69fba3643da8f3d avia-video-16-9 av-no-preview-image avia-video-load-always av-lazyload-immediate av-lazyload-video-embed'  itemprop=\"video\" itemtype=\"https:\/\/schema.org\/VideoObject\"  data-original_url='https:\/\/www.youtube.com\/watch?v=0ECAe1mNJtU'><script type='text\/html' class='av-video-tmpl'><span class=\"embed-youtube\" style=\"text-align:center; display: block;\"><iframe loading=\"lazy\" class=\"youtube-player\" width=\"1500\" height=\"844\" src=\"https:\/\/www.youtube.com\/embed\/0ECAe1mNJtU?version=3&#038;rel=1&#038;showsearch=0&#038;showinfo=1&#038;iv_load_policy=1&#038;fs=1&#038;hl=fr-FR&#038;autohide=2&#038;wmode=transparent&autoplay=0&loop=0&controls=1&mute=0\" allowfullscreen=\"true\" style=\"border:0;\" sandbox=\"allow-scripts allow-same-origin allow-popups allow-presentation\"><\/iframe><\/span><\/script><div class='av-click-to-play-overlay'><div class=\"avia_playpause_icon\"><\/div><\/div><\/div><\/div>\n","protected":false},"excerpt":{"rendered":"","protected":false},"author":1,"featured_media":0,"parent":0,"menu_order":0,"comment_status":"closed","ping_status":"closed","template":"","meta":{"_mc_calendar":[],"footnotes":""},"class_list":["post-2419","page","type-page","status-publish","hentry"],"jetpack_sharing_enabled":true,"jetpack_shortlink":"https:\/\/wp.me\/P9gOw2-D1","_links":{"self":[{"href":"https:\/\/roulonsavelo.fr\/index.php\/wp-json\/wp\/v2\/pages\/2419","targetHints":{"allow":["GET"]}}],"collection":[{"href":"https:\/\/roulonsavelo.fr\/index.php\/wp-json\/wp\/v2\/pages"}],"about":[{"href":"https:\/\/roulonsavelo.fr\/index.php\/wp-json\/wp\/v2\/types\/page"}],"author":[{"embeddable":true,"href":"https:\/\/roulonsavelo.fr\/index.php\/wp-json\/wp\/v2\/users\/1"}],"replies":[{"embeddable":true,"href":"https:\/\/roulonsavelo.fr\/index.php\/wp-json\/wp\/v2\/comments?post=2419"}],"version-history":[{"count":8,"href":"https:\/\/roulonsavelo.fr\/index.php\/wp-json\/wp\/v2\/pages\/2419\/revisions"}],"predecessor-version":[{"id":2754,"href":"https:\/\/roulonsavelo.fr\/index.php\/wp-json\/wp\/v2\/pages\/2419\/revisions\/2754"}],"wp:attachment":[{"href":"https:\/\/roulonsavelo.fr\/index.php\/wp-json\/wp\/v2\/media?parent=2419"}],"curies":[{"name":"wp","href":"https:\/\/api.w.org\/{rel}","templated":true}]}}